{"id":100,"date":"2017-01-03T16:25:21","date_gmt":"2017-01-03T16:25:21","guid":{"rendered":"http:\/\/foxthemes.com\/web\/wp\/prague.1.2.0\/?page_id=100"},"modified":"2023-10-26T08:41:45","modified_gmt":"2023-10-26T08:41:45","slug":"servicios","status":"publish","type":"page","link":"https:\/\/www.co-arquitectos.com\/en\/servicios\/","title":{"rendered":"Services"},"content":{"rendered":"<div data-vc-full-width=\"true\" data-vc-full-width-init=\"false\" data-vc-stretch-content=\"true\" class=\"vc_row wpb_row vc_row-fluid vc_row-no-padding\"><div class=\"wpb_column vc_column_container vc_col-sm-12 \"><div class=\"vc_column-inner \"><div class=\"wpb_wrapper\">[vc_banner_title color_style=\u00bblight\u00bb title=\u00bbServicios\u00bb img=\u00bb3916&#8243; enable_overlay=\u00bbtrue\u00bb enable_fullheight=\u00bbtrue\u00bb columns=\u00bb%5B%7B%7D%5D\u00bb][\/vc_banner_title]<\/div><\/div><\/div><\/div><div class=\"vc_row-full-width vc_clearfix\"><\/div><div class=\"vc_row wpb_row vc_row-fluid  margin-lg-60t margin-sm-70t\"><div class=\"wpb_column vc_column_container vc_col-sm-6 vc_col-lg-offset-0 vc_col-lg-4 vc_col-md-offset-0 vc_col-md-5 vc_col-sm-offset-3 vc_col-xs-12  margin-lg-65t margin-sm-0t\"><div class=\"vc_column-inner \"><div class=\"wpb_wrapper\">[vc_team team_style=\u00bb`{`object Object`}`\u00bb image=\u00bb2752&#8243; stroke_width=\u00bb15&#8243; enable_animated=\u00bbtrue\u00bb style=\u00bbcircle\u00bb]<\/div><\/div><\/div><div class=\"wpb_column vc_column_container vc_col-sm-12 vc_col-lg-offset-1 vc_col-lg-7 vc_col-md-offset-0 vc_col-md-7 vc_col-sm-offset-0 vc_col-xs-12  margin-lg-0t margin-sm-20t margin-xs-20t\"><div class=\"vc_column-inner \"><div class=\"wpb_wrapper\">[vc_headings subtitle=\u00bbCO Arquitectos\u00bb title=\u00bbTransformamos conocimiento<br \/>\nen proyectos \u00fanicos. \u00ab]Somos un equipo en constante crecimiento, que se interesa por el estudio, la investigaci\u00f3n y el desarrollo de la arquitectura, no solo desde el punto de vista del dise\u00f1o, sino tambi\u00e9n desde el punto de vista t\u00e9cnico y constructivo. Nos gusta estar al d\u00eda en todas las novedades desarrollando proyectos actuales y singulares.<\/p>\n<p>Entendemos cada encargo como \u00fanico y personal, por lo que siempre nos adaptamos a las necesidades propias de cada cliente, con quien trabajamos conjuntamente desde el primer d\u00eda hasta el \u00faltimo. Nuestra mejor carta de presentaci\u00f3n es el grado de satisfacci\u00f3n de nuestros clientes.[\/vc_headings]<\/div><\/div><\/div><\/div><div data-vc-full-width=\"true\" data-vc-full-width-init=\"false\" data-vc-stretch-content=\"true\" class=\"vc_row wpb_row vc_row-fluid vc_row-no-padding  margin-lg-70t margin-sm-50t\"><div class=\"wpb_column vc_column_container vc_col-sm-12 \"><div class=\"vc_column-inner \"><div class=\"wpb_wrapper\">[vc_wrapper title=\u00bbTe ayudamos en lo que necesites\u00bb subtitle=\u00bbSERVICiOS\u00bb image=\u00bb1135&#8243; color_style=\u00bblight\u00bb][vc_projects_posts templates=\u00bbservices\u00bb post_type=\u00bbservices\u00bb total_columns=\u00bbprague_count_col3&#8243; gap_columns=\u00bbprague_gap_col15&#8243; posts_per_page=\u00bb18&#8243; button_link_class=\u00bbprague-services-link a-btn-2 creative\u00bb button_span_class=\u00bba-btn-line\u00bb button_style=\u00bbcreative\u00bb][\/vc_wrapper]<\/div><\/div><\/div><\/div><div class=\"vc_row-full-width vc_clearfix\"><\/div>\n","protected":false},"excerpt":{"rendered":"[vc_banner_title color_style=\"light\" title=\"Servicios\" img=\"3916\" enable_overlay=\"true\" enable_fullheight=\"true\" columns=\"%5B%7B%7D%5D\"][\/vc_banner_title][vc_team team_style=\"`{`object Object`}`\" image=\"2752\" stroke_width=\"15\" enable_animated=\"true\" style=\"circle\"][vc_headings subtitle=\"CO Arquitectos\" title=\"Transformamos conocimiento en proyectos \u00fanicos.","protected":false},"author":1,"featured_media":0,"parent":0,"menu_order":0,"comment_status":"closed","ping_status":"closed","template":"","meta":{"om_disable_all_campaigns":false,"_monsterinsights_skip_tracking":false,"_monsterinsights_sitenote_active":false,"_monsterinsights_sitenote_note":"","_monsterinsights_sitenote_category":0,"footnotes":""},"class_list":["post-100","page","type-page","status-publish","hentry"],"aioseo_notices":[],"_links":{"self":[{"href":"https:\/\/www.co-arquitectos.com\/en\/wp-json\/wp\/v2\/pages\/100","targetHints":{"allow":["GET"]}}],"collection":[{"href":"https:\/\/www.co-arquitectos.com\/en\/wp-json\/wp\/v2\/pages"}],"about":[{"href":"https:\/\/www.co-arquitectos.com\/en\/wp-json\/wp\/v2\/types\/page"}],"author":[{"embeddable":true,"href":"https:\/\/www.co-arquitectos.com\/en\/wp-json\/wp\/v2\/users\/1"}],"replies":[{"embeddable":true,"href":"https:\/\/www.co-arquitectos.com\/en\/wp-json\/wp\/v2\/comments?post=100"}],"version-history":[{"count":9,"href":"https:\/\/www.co-arquitectos.com\/en\/wp-json\/wp\/v2\/pages\/100\/revisions"}],"predecessor-version":[{"id":4063,"href":"https:\/\/www.co-arquitectos.com\/en\/wp-json\/wp\/v2\/pages\/100\/revisions\/4063"}],"wp:attachment":[{"href":"https:\/\/www.co-arquitectos.com\/en\/wp-json\/wp\/v2\/media?parent=100"}],"curies":[{"name":"wp","href":"https:\/\/api.w.org\/{rel}","templated":true}]}}