{"id":111,"date":"2017-01-03T16:34:36","date_gmt":"2017-01-03T16:34:36","guid":{"rendered":"http:\/\/foxthemes.com\/web\/wp\/prague.1.2.0\/?page_id=111"},"modified":"2023-09-25T19:57:19","modified_gmt":"2023-09-25T19:57:19","slug":"estudio-arquitectura-granada","status":"publish","type":"page","link":"https:\/\/www.co-arquitectos.com\/en\/estudio-arquitectura-granada\/","title":{"rendered":"The Study"},"content":{"rendered":"<div data-vc-full-width=\"true\" data-vc-full-width-init=\"false\" data-vc-stretch-content=\"true\" class=\"vc_row wpb_row vc_row-fluid vc_row-no-padding\"><div class=\"wpb_column vc_column_container vc_col-sm-12 \"><div class=\"vc_column-inner \"><div class=\"wpb_wrapper\">[vc_banner_title color_style=\u00bblight\u00bb heading_size=\u00bbh2&#8243; subtitle=\u00bbCO Arquitectos\u00bb title=\u00bbHacemos<br \/>\nDise\u00f1amos<br \/>\nCreamos\u00bb img=\u00bb2753&#8243; enable_overlay=\u00bbtrue\u00bb enable_fullheight=\u00bbtrue\u00bb columns=\u00bb%5B%7B%7D%5D\u00bb]<\/p>\n<div class=\"subtitle\">\n<h1>Estudio Arquitectura Granada<\/h1>\n<\/div>\n<p>[\/vc_banner_title]<\/div><\/div><\/div><\/div><div class=\"vc_row-full-width vc_clearfix\"><\/div><div class=\"vc_row wpb_row vc_row-fluid  margin-lg-70t margin-sm-20t\"><div class=\"wpb_column vc_column_container vc_col-sm-12 vc_col-lg-6 vc_col-md-6 vc_col-xs-12 \"><div class=\"vc_column-inner \"><div class=\"wpb_wrapper\">[vc_headings title=\u00bbSomos apasionados<br \/>\nde nuestro trabajo.\u00bb]<\/p>\n<p style=\"text-align: justify;\">El Estudio Cuadrado &amp; Oliveras fue Fundado por Luis Cuadrado y \u00c1ngel Oliveras en 2006, y tiene su Despacho Profesional en Granada. Ambos han compaginado durante estos a\u00f1os su actividad profesional con una intensa actividad docente en diferentes \u00e1reas como el desarrollo de proyectos y el c\u00e1lculo estructural.<\/p>\n<p style=\"text-align: justify;\">En la actualidad el Estudio lo componen 4 arquitectos. A los arquitectos fundadores se suma en 2013 Santiago Oliveras tras desarrollar m\u00e1s de 30 a\u00f1os de actividad profesional en el Estudio Alcon y Oliveras. En 2019 se a\u00f1ade al equipo la arquitecta Laura P\u00e9rez Pulido.<\/p>\n<p>[\/vc_headings]<\/div><\/div><\/div><div class=\"wpb_column vc_column_container vc_col-sm-12 vc_col-lg-6 vc_col-md-6 vc_col-xs-12  margin-lg-90t margin-sm-0t\"><div class=\"vc_column-inner \"><div class=\"wpb_wrapper\">[vc_counters image_background=\u00bb217&#8243; border_size=\u00bb10px\u00bb numbers=\u00bb%5B%7B%22number%22%3A%22284%22%2C%22title%22%3A%22Proyectos%20Realizados%22%7D%2C%7B%22number%22%3A%2220%22%2C%22title%22%3A%22A%C3%B1os%20de%20Experiencia%22%7D%2C%7B%22number%22%3A%22100%25%22%2C%22title%22%3A%22Seriedad%22%7D%2C%7B%22number%22%3A%223%22%2C%22title%22%3A%22Premios%22%7D%5D\u00bb]<\/div><\/div><\/div><\/div><div class=\"vc_row wpb_row vc_row-fluid  margin-lg-10t margin-sm-60t\"><div class=\"wpb_column vc_column_container vc_col-sm-12 vc_col-lg-6 vc_col-md-6 vc_col-xs-12  margin-sm-0t\"><div class=\"vc_column-inner \"><div class=\"wpb_wrapper\">\n\t<div class=\"wpb_text_column wpb_content_element \" >\n\t\t<div class=\"wpb_wrapper\">\n\t\t\t<p style=\"text-align: justify;\">A lo largo de estos a\u00f1os han desarrollado numerosos Proyectos de Edificaci\u00f3n, Rehabilitaci\u00f3n, Restauraci\u00f3n, Dise\u00f1o Interior y Urbanismo. Cabe destacar la nueva Sede del Centro de Formaci\u00f3n Internacional Reina Isabel, un edificio docente de 1.600 m2 construido en tan solo 6 meses con un resultado impactante.<\/p>\n<p style=\"text-align: justify;\">En los \u00faltimos a\u00f1os se han especializado en la rehabilitaci\u00f3n de viviendas consiguiendo las m\u00e1ximas cotas del dise\u00f1o con el m\u00ednimo presupuesto, en virtud de una b\u00fasqueda constante de materiales y soluciones t\u00e9cnicas innovadoras.<\/p>\n<p style=\"text-align: justify;\">Tambi\u00e9n han adquirido cierta especializaci\u00f3n en la obtenci\u00f3n de Licencias de <em>dif\u00edcil tramitaci\u00f3n<\/em>, especialidad iniciada con la Rehabilitaci\u00f3n Integral de la Bas\u00edlica de San Juan de Dios, (proyecto que se encontraba bloqueado en su tramitaci\u00f3n en la Delegaci\u00f3n de Cultura durante casi una d\u00e9cada hasta que les fue encomendado, pudi\u00e9ndose finalmente ejecutar con un resultado significativo) y perfeccionada en los \u00faltimos a\u00f1os fruto del estudio legislativo, la constancia y una fuerte dedicaci\u00f3n.<\/p>\n\n\t\t<\/div>\n\t<\/div>\n<\/div><\/div><\/div><div class=\"wpb_column vc_column_container vc_col-sm-12 vc_col-lg-6 vc_col-md-6 vc_col-xs-12  margin-lg-40t margin-sm-20t\"><div class=\"vc_column-inner \"><div class=\"wpb_wrapper\">\n\t<div  class=\"wpb_single_image wpb_content_element vc_align_left\">\n\t\t\n\t\t<figure class=\"wpb_wrapper vc_figure\">\n\t\t\t<div class=\"vc_single_image-wrapper   vc_box_border_grey\"><img loading=\"lazy\" decoding=\"async\" width=\"1024\" height=\"758\" src=\"data:image\/gif;base64,R0lGODlhAQABAAAAACw=\" class=\"vc_single_image-img attachment-large\" alt=\"estudio de arquitectura en granada\" data-lazy-src=\"https:\/\/www.co-arquitectos.com\/wp-content\/uploads\/2017\/01\/e9448eba-aa59-4775-929a-accac51c44ac-1024x758.jpg\" \/><\/div>\n\t\t<\/figure>\n\t<\/div>\n<\/div><\/div><\/div><\/div><div class=\"vc_row wpb_row vc_row-fluid  margin-lg-35t\"><div class=\"wpb_column vc_column_container vc_col-sm-12 \"><div class=\"vc_column-inner \"><div class=\"wpb_wrapper\"><div class=\"vc_message_box vc_message_box-3d vc_message_box-round vc_color-white\" >\n\t<div class=\"vc_message_box-icon\"><i class=\"fa fa-users\"><\/i>\n\t<\/div><p><span style=\"color: #000000;\"><strong>Nuestra filosof\u00eda: <\/strong>Crear espacios funcionales. Trabajamos en busca de la buena arquitectura que surge para ser vivida, pero sin renunciar a la est\u00e9tica\u00a0 y el dise\u00f1o, adecu\u00e1ndose a las formas de hoy.<\/span><\/p>\n<\/div>\n<div class=\"vc_message_box vc_message_box-3d vc_message_box-round vc_color-white\" >\n\t<div class=\"vc_message_box-icon\"><i class=\"fa fa-briefcase\"><\/i>\n\t<\/div><p><span style=\"color: #000000;\"><strong>Nuestra arquitectura se adapta a tu presupuesto. <\/strong>Nos amoldamos a la realidad econ\u00f3mica y al estilo de cada promotor haciendo posible cualquier proyecto, pero siempre dejamos nuestro sello.<\/span><\/p>\n<\/div>\n<div class=\"vc_message_box vc_message_box-3d vc_message_box-round vc_color-white\" >\n\t<div class=\"vc_message_box-icon\"><i class=\"fa fa-check\"><\/i>\n\t<\/div><p><span style=\"color: #000000;\"><strong>Flexibilidad<\/strong> en nuestros dise\u00f1os para mejor adaptaci\u00f3n al medio y al problema.<\/span><\/p>\n<\/div>\n<div class=\"vc_message_box vc_message_box-3d vc_message_box-round vc_color-white\" >\n\t<div class=\"vc_message_box-icon\"><i class=\"fa fa-info\"><\/i>\n\t<\/div><p><span style=\"color: #000000;\"><strong>Te informamos<\/strong>, guiamos y hacemos un seguimiento continuo de todo tipo de tramitaci\u00f3n administrativa. Te asesoramos para que todo sea posible.<\/span><\/p>\n<\/div>\n<\/div><\/div><\/div><\/div><div class=\"vc_row wpb_row vc_row-fluid  margin-lg-20t\"><div class=\"wpb_column vc_column_container vc_col-sm-12 \"><div class=\"vc_column-inner \"><div class=\"wpb_wrapper\">[vc_info_block style=\u00bbhorizontal\u00bb items=\u00bb%5B%7B%22label%22%3A%22Profesionalidad%22%2C%22text%22%3A%22En%20el%20Estudio%20intentamos%20mejorar%20d%C3%ADa%20a%20d%C3%ADa%20desarrollando%20nuestra%20profesionalidad%2C%20ampliando%20nuestros%20conocimientos%20y%20enriqueciendo%20nuestra%20actividad%20con%20colaboradores%20de%20todos%20los%20campos.%22%7D%2C%7B%22label%22%3A%22Atenci%C3%B3n%20Personal%22%2C%22text%22%3A%22Nuestro%20enfoque%20del%20trabajo%3A%20una%20alta%20atenci%C3%B3n%20y%20dedicaci%C3%B3n%20a%20nuestros%20promotores%2C%20a%20trav%C3%A9s%20de%20un%20especial%20cuidado%20y%20desarrollo%20de%20sus%20proyectos.%22%7D%2C%7B%22label%22%3A%22Vers%C3%A1tiles%22%2C%22text%22%3A%22Realizamos%20cualquier%20tipo%20de%20proyecto%3A%20desde%20el%20dise%C3%B1o%20del%20elemento%20m%C3%A1s%20peque%C3%B1o%20de%20la%20decoraci%C3%B3n%20hasta%20el%20dise%C3%B1o%20y%20desarrollo%20completo%20del%20proyecto%20urban%C3%ADstico%20o%20de%20edificaci%C3%B3n%20m%C3%A1s%20complejo.%20%22%7D%2C%7B%22label%22%3A%22Colaboradores%22%2C%22text%22%3A%22Como%20equipos%20externos%2C%20y%20en%20estrecha%20colaboraci%C3%B3n%20con%20nosotros%2C%20contamos%20con%20varios%20profesionales%20y%20consultores%20de%20ingenier%C3%ADa%20que%20nos%20apoyan%20con%20sus%20conocimientos%20y%20experiencia%22%7D%5D\u00bb css=\u00bb.vc_custom_1537878426209{background-color: #ffffff !important;}\u00bb]<\/div><\/div><\/div><\/div><div class=\"vc_row wpb_row vc_row-fluid  margin-lg-20t\"><div class=\"wpb_column vc_column_container vc_col-sm-12 \"><div class=\"vc_column-inner \"><div class=\"wpb_wrapper\">[vc_headings subtitle=\u00bbQui\u00e9nes Somos\u00bb title=\u00bbNuestro equipo\u00bb][\/vc_headings]<\/div><\/div><\/div><\/div><div class=\"vc_row wpb_row vc_row-fluid\"><div class=\"wpb_column vc_column_container vc_col-sm-3 \"><div class=\"vc_column-inner \"><div class=\"wpb_wrapper\">[vc_team team_style=\u00bbsimple\u00bb image=\u00bb2971&#8243; name=\u00bb\u00c1ngel Oliveras\u00bb]<\/div><\/div><\/div><div class=\"wpb_column vc_column_container vc_col-sm-3 \"><div class=\"vc_column-inner \"><div class=\"wpb_wrapper\"><section class=\"vc_cta3-container\" >\n\t<div class=\"vc_general vc_cta3 vc_cta3-style-classic vc_cta3-shape-rounded vc_cta3-align-center vc_cta3-color-classic vc_cta3-icon-size-md\">\n\t\t\t\t\t\t<div class=\"vc_cta3_content-container\">\n\t\t\t\t\t\t\t\t\t<div class=\"vc_cta3-content\">\n\t\t\t\t<header class=\"vc_cta3-content-header\">\n\t\t\t\t\t<h2 style=\"font-size: 14px;font-family:Courgette;font-weight:400;font-style:normal\" class=\"vc_custom_heading\" >\"El resultado final siempre ser\u00e1 Singular\"<\/h2>\t\t\t\t\t\t\t\t\t<\/header>\n\t\t\t\t<p style=\"text-align: left;\"><span style=\"color: #000000;\">\u2713 Arquitecto desde el a\u00f1o 2005 <\/span><\/p>\n<p style=\"text-align: left;\"><span style=\"color: #000000;\">\u2713 Docente y profesor de proyectos fin de carrera <\/span><\/p>\n<p style=\"text-align: left;\"><span style=\"color: #000000;\">\u2713 Doctorando Expresi\u00f3n Gr\u00e1fica<\/span><\/p>\n\t\t\t<\/div>\n\t\t\t\t\t\t\t\t<\/div>\n\t\t\t\t\t<\/div>\n<\/section>\n\n<\/div><\/div><\/div><div class=\"wpb_column vc_column_container vc_col-sm-3 \"><div class=\"vc_column-inner \"><div class=\"wpb_wrapper\">[vc_team team_style=\u00bbsimple\u00bb image=\u00bb2973&#8243; name=\u00bbLuis Cuadrado\u00bb]<\/div><\/div><\/div><div class=\"wpb_column vc_column_container vc_col-sm-3 \"><div class=\"vc_column-inner \"><div class=\"wpb_wrapper\"><section class=\"vc_cta3-container\" >\n\t<div class=\"vc_general vc_cta3 vc_cta3-style-classic vc_cta3-shape-rounded vc_cta3-align-center vc_cta3-color-classic vc_cta3-icon-size-md\">\n\t\t\t\t\t\t<div class=\"vc_cta3_content-container\">\n\t\t\t\t\t\t\t\t\t<div class=\"vc_cta3-content\">\n\t\t\t\t<header class=\"vc_cta3-content-header\">\n\t\t\t\t\t<h2 style=\"font-size: 14px;font-family:Courgette;font-weight:400;font-style:normal\" class=\"vc_custom_heading\" >\"Si la oportunidad no llama, construye una puerta\"<\/h2>\t\t\t\t\t\t\t\t\t<\/header>\n\t\t\t\t<p style=\"text-align: left;\"><span style=\"color: #000000;\">\u2713 Arquitecto desde 1996 <\/span><\/p>\n<p style=\"text-align: left;\"><span style=\"color: #000000;\">\u2713 Docente y profesor de dise\u00f1o y c\u00e1lculo de estructuras <\/span><\/p>\n<p style=\"text-align: left;\"><span style=\"color: #000000;\">\u2713 \u201cMaster\u201d en conseguir Licencias Municipales<\/span><\/p>\n\t\t\t<\/div>\n\t\t\t\t\t\t\t\t<\/div>\n\t\t\t\t\t<\/div>\n<\/section>\n\n<\/div><\/div><\/div><\/div><div class=\"vc_row wpb_row vc_row-fluid\"><div class=\"wpb_column vc_column_container vc_col-sm-3 \"><div class=\"vc_column-inner \"><div class=\"wpb_wrapper\">[vc_team team_style=\u00bbsimple\u00bb image=\u00bb2974&#8243; name=\u00bbSantiago Oliveras\u00bb]<\/div><\/div><\/div><div class=\"wpb_column vc_column_container vc_col-sm-3 \"><div class=\"vc_column-inner \"><div class=\"wpb_wrapper\"><section class=\"vc_cta3-container\" >\n\t<div class=\"vc_general vc_cta3 vc_cta3-style-classic vc_cta3-shape-rounded vc_cta3-align-center vc_cta3-color-classic vc_cta3-icon-size-md\">\n\t\t\t\t\t\t<div class=\"vc_cta3_content-container\">\n\t\t\t\t\t\t\t\t\t<div class=\"vc_cta3-content\">\n\t\t\t\t<header class=\"vc_cta3-content-header\">\n\t\t\t\t\t<h2 style=\"font-size: 14px;font-family:Courgette;font-weight:400;font-style:normal\" class=\"vc_custom_heading\" >\"Antes que nada, la preparaci\u00f3n es la clave del \u00e9xito.\"<\/h2>\t\t\t\t\t\t\t\t\t<\/header>\n\t\t\t\t<p style=\"text-align: left;\"><span style=\"color: #000000;\">\u2713 Arquitecto desde 1976 <\/span><\/p>\n<p style=\"text-align: left;\"><span style=\"color: #000000;\">\u2713 Especialista en todo tipo de Proyectos urban\u00edsticos <\/span><\/p>\n<p style=\"text-align: left;\"><span style=\"color: #000000;\">\u2713 Profesor de Cype estructuras e Instalaciones<\/span><\/p>\n\t\t\t<\/div>\n\t\t\t\t\t\t\t\t<\/div>\n\t\t\t\t\t<\/div>\n<\/section>\n\n<\/div><\/div><\/div><div class=\"wpb_column vc_column_container vc_col-sm-3 \"><div class=\"vc_column-inner \"><div class=\"wpb_wrapper\">[vc_team team_style=\u00bbsimple\u00bb image=\u00bb3361&#8243; name=\u00bbLaura P\u00e9rez\u00bb]<\/div><\/div><\/div><div class=\"wpb_column vc_column_container vc_col-sm-3 \"><div class=\"vc_column-inner \"><div class=\"wpb_wrapper\"><section class=\"vc_cta3-container\" >\n\t<div class=\"vc_general vc_cta3 vc_cta3-style-classic vc_cta3-shape-rounded vc_cta3-align-center vc_cta3-color-classic vc_cta3-icon-size-md\">\n\t\t\t\t\t\t<div class=\"vc_cta3_content-container\">\n\t\t\t\t\t\t\t\t\t<div class=\"vc_cta3-content\">\n\t\t\t\t<header class=\"vc_cta3-content-header\">\n\t\t\t\t\t<h2 style=\"font-size: 14px;font-family:Courgette;font-weight:400;font-style:normal\" class=\"vc_custom_heading\" >\"El buen dise\u00f1o consiste en convertir sue\u00f1os en realidad\" <\/h2>\t\t\t\t\t\t\t\t\t<\/header>\n\t\t\t\t<p style=\"text-align: left;\"><span style=\"color: #000000;\">\u2713\u00a0Arquitecta desde\u00a02018<\/span><\/p>\n<p style=\"text-align: left;\"><span style=\"color: #000000;\">\u2713 M\u00e1ster Habilitante en Arquitectura\u00a0<\/span><\/p>\n<p style=\"text-align: left;\"><span style=\"color: #000000;\">\u2713\u00a0Especialista en dise\u00f1o y modelado 3D<\/span><\/p>\n\t\t\t<\/div>\n\t\t\t\t\t\t\t\t<\/div>\n\t\t\t\t\t<\/div>\n<\/section>\n\n<\/div><\/div><\/div><\/div><div class=\"vc_row wpb_row vc_row-fluid  margin-lg-20t\"><div class=\"wpb_column vc_column_container vc_col-sm-12 \"><div class=\"vc_column-inner \"><div class=\"wpb_wrapper\">[vc_headings subtitle=\u00bbNuestra reputaci\u00f3n\u00bb title=\u00bbEn los Medios\u00bb][\/vc_headings]<\/div><\/div><\/div><\/div><div class=\"vc_row wpb_row vc_row-fluid\"><div class=\"wpb_column vc_column_container vc_col-sm-4 \"><div class=\"vc_column-inner \"><div class=\"wpb_wrapper\">\n\t<div  class=\"wpb_single_image wpb_content_element vc_align_center   nofollow\">\n\t\t<h2 class=\"wpb_heading wpb_singleimage_heading\">Entrevista Cuadrado &amp; Oliveras Arquitectos <\/h2>\n\t\t<figure class=\"wpb_wrapper vc_figure\">\n\t\t\t<a href=\"http:\/\/arquitecturasingular.es\/entrevista-cuadrado-oliveras-arquitectos-y-visita-a-obra-singular-edificio-cfi-reina-isabel-en-granada\/\" target=\"_blank\" class=\"vc_single_image-wrapper vc_box_border  vc_box_border_black\"  rel='nofollow'><img loading=\"lazy\" decoding=\"async\" class=\"vc_single_image-img \" src=\"https:\/\/www.co-arquitectos.com\/wp-content\/uploads\/2017\/01\/cuadradooliveras-350x250.jpg\" width=\"350\" height=\"250\" alt=\"Entrevista Cuadrado &amp; Oliveras Arquitectos y visita a obra singular: Edificio CFI Reina Isabel en Granada\" title=\"cuadradooliveras\" \/><\/a><figcaption class=\"vc_figure-caption\">Entrevista Cuadrado &amp; Oliveras Arquitectos y visita a obra singular: Edificio CFI Reina Isabel en Granada<\/figcaption>\n\t\t<\/figure>\n\t<\/div>\n<\/div><\/div><\/div><div class=\"wpb_column vc_column_container vc_col-sm-4 \"><div class=\"vc_column-inner \"><div class=\"wpb_wrapper\">\n\t<div  class=\"wpb_single_image wpb_content_element vc_align_center   nofollow\">\n\t\t<h2 class=\"wpb_heading wpb_singleimage_heading\">Nueva 'vida' para San Juan de Dios<\/h2>\n\t\t<figure class=\"wpb_wrapper vc_figure\">\n\t\t\t<a href=\"https:\/\/www.ideal.es\/granada\/20130911\/local\/granada\/nueva-vida-para-juan-201309110046.html\" target=\"_blank\" class=\"vc_single_image-wrapper vc_box_border  vc_box_border_black\"  rel='nofollow'><img loading=\"lazy\" decoding=\"async\" class=\"vc_single_image-img \" src=\"https:\/\/www.co-arquitectos.com\/wp-content\/uploads\/2017\/01\/granada-san-juan-dios-253x180.jpg\" width=\"253\" height=\"180\" alt=\"Restauraci\u00f3n Bas\u00edlica San Juan de Dios\" title=\"granada-san-juan-dios\" \/><\/a><figcaption class=\"vc_figure-caption\">La bas\u00edlica abre al culto tras las obras de rehabilitaci\u00f3n de suelos y estructuras por Cuadrado Oliveras Arquitectos. <\/figcaption>\n\t\t<\/figure>\n\t<\/div>\n<\/div><\/div><\/div><div class=\"wpb_column vc_column_container vc_col-sm-4 \"><div class=\"vc_column-inner \"><div class=\"wpb_wrapper\">\n\t<div  class=\"wpb_single_image wpb_content_element vc_align_center   nofollow\">\n\t\t<h2 class=\"wpb_heading wpb_singleimage_heading\">Versatilidad al servicio del aprendizaje<\/h2>\n\t\t<figure class=\"wpb_wrapper vc_figure\">\n\t\t\t<a href=\"https:\/\/www.ideal.es\/granada\/20130911\/local\/granada\/nueva-vida-para-juan-201309110046.html\" target=\"_blank\" class=\"vc_single_image-wrapper vc_box_border  vc_box_border_black\"  rel='nofollow'><img loading=\"lazy\" decoding=\"async\" class=\"vc_single_image-img \" src=\"https:\/\/www.co-arquitectos.com\/wp-content\/uploads\/2018\/06\/academia-motril-2-350x250.jpg\" width=\"350\" height=\"250\" alt=\"academia-motril-2\" title=\"academia-motril-2\" \/><\/a><figcaption class=\"vc_figure-caption\">Academia de Idiomas, un proyecto del Estudio de Arquitectura Cuadrado y Oliveras (Granada).<\/figcaption>\n\t\t<\/figure>\n\t<\/div>\n<\/div><\/div><\/div><\/div><div class=\"vc_row wpb_row vc_row-fluid  margin-lg-20t\"><div class=\"wpb_column vc_column_container vc_col-sm-12 \"><div class=\"vc_column-inner \"><div class=\"wpb_wrapper\">[vc_headings subtitle=\u00bbInspiraci\u00f3n\u00bb title=\u00bbSiempre a la \u00faltima\u00bb][\/vc_headings]<\/div><\/div><\/div><\/div><div class=\"vc_row wpb_row vc_row-fluid  margin-lg-15t margin-sm-20t\"><div class=\"wpb_column vc_column_container vc_col-sm-12 \"><div class=\"vc_column-inner \"><div class=\"wpb_wrapper\">[vc_projects_posts templates=\u00bbmedia\u00bb post_type=\u00bbbooks\u00bb total_columns=\u00bbprague_count_col3&#8243; image_original_size=\u00bblarge\u00bb enable_new_window=\u00bbtrue\u00bb filter_type=\u00bbauthor\u00bb button_link_class=\u00bbprague-services-link a-btn-2 simple\u00bb button_span_class=\u00bba-btn-line\u00bb posts_per_page=\u00bb3&#8243;]<\/div><\/div><\/div><\/div><div class=\"vc_row wpb_row vc_row-fluid\"><div class=\"wpb_column vc_column_container vc_col-sm-12 \"><div class=\"vc_column-inner \"><div class=\"wpb_wrapper\">[vc_columns_gallery]<\/div><\/div><\/div><\/div><div class=\"vc_row wpb_row vc_row-fluid\"><div class=\"wpb_column vc_column_container vc_col-sm-12 \"><div class=\"vc_column-inner \"><div class=\"wpb_wrapper\"><div class=\"vc_empty_space\"   style=\"height: 52px\" ><span class=\"vc_empty_space_inner\"><\/span><\/div>\n<\/div><\/div><\/div><\/div><div class=\"vc_row wpb_row vc_row-fluid\"><div class=\"wpb_column vc_column_container vc_col-sm-12 \"><div class=\"vc_column-inner \"><div class=\"wpb_wrapper\"><\/div><\/div><\/div><\/div>\n","protected":false},"excerpt":{"rendered":"[vc_banner_title color_style=\"light\" heading_size=\"h2\" subtitle=\"CO Arquitectos\" title=\"Hacemos Dise\u00f1amos Creamos\" img=\"2753\" enable_overlay=\"true\" enable_fullheight=\"true\" columns=\"%5B%7B%7D%5D\"] Estudio Arquitectura Granada [\/vc_banner_title][vc_headings title=\"Somos apasionados de nuestro","protected":false},"author":1,"featured_media":0,"parent":0,"menu_order":0,"comment_status":"closed","ping_status":"closed","template":"","meta":{"om_disable_all_campaigns":false,"_monsterinsights_skip_tracking":false,"_monsterinsights_sitenote_active":false,"_monsterinsights_sitenote_note":"","_monsterinsights_sitenote_category":0,"footnotes":""},"class_list":["post-111","page","type-page","status-publish","hentry"],"aioseo_notices":[],"_links":{"self":[{"href":"https:\/\/www.co-arquitectos.com\/en\/wp-json\/wp\/v2\/pages\/111","targetHints":{"allow":["GET"]}}],"collection":[{"href":"https:\/\/www.co-arquitectos.com\/en\/wp-json\/wp\/v2\/pages"}],"about":[{"href":"https:\/\/www.co-arquitectos.com\/en\/wp-json\/wp\/v2\/types\/page"}],"author":[{"embeddable":true,"href":"https:\/\/www.co-arquitectos.com\/en\/wp-json\/wp\/v2\/users\/1"}],"replies":[{"embeddable":true,"href":"https:\/\/www.co-arquitectos.com\/en\/wp-json\/wp\/v2\/comments?post=111"}],"version-history":[{"count":45,"href":"https:\/\/www.co-arquitectos.com\/en\/wp-json\/wp\/v2\/pages\/111\/revisions"}],"predecessor-version":[{"id":3723,"href":"https:\/\/www.co-arquitectos.com\/en\/wp-json\/wp\/v2\/pages\/111\/revisions\/3723"}],"wp:attachment":[{"href":"https:\/\/www.co-arquitectos.com\/en\/wp-json\/wp\/v2\/media?parent=111"}],"curies":[{"name":"wp","href":"https:\/\/api.w.org\/{rel}","templated":true}]}}