{"id":1599,"date":"2017-03-10T13:05:22","date_gmt":"2017-03-10T13:05:22","guid":{"rendered":"http:\/\/foxthemes.com\/web\/wp\/prague.1.2.0\/?page_id=1599"},"modified":"2024-10-23T09:19:09","modified_gmt":"2024-10-23T09:19:09","slug":"home","status":"publish","type":"page","link":"https:\/\/www.co-arquitectos.com\/en\/","title":{"rendered":"Arquitectos"},"content":{"rendered":"<div data-vc-full-width=\"true\" data-vc-full-width-init=\"false\" data-vc-stretch-content=\"true\" class=\"vc_row wpb_row vc_row-fluid vc_row-no-padding\"><div class=\"wpb_column vc_column_container vc_col-sm-12 \"><div class=\"vc_column-inner \"><div class=\"wpb_wrapper\"><div  class=\"wpb_images_carousel wpb_content_element vc_clearfix\">\n\t<div class=\"wpb_wrapper\">\n\t\t\t\t<div id=\"vc_images-carousel-1-1777917111\" data-ride=\"vc_carousel\" data-wrap=\"true\" style=\"width: 100%;\" data-interval=\"5000\" data-auto-height=\"yes\" data-mode=\"horizontal\" data-partial=\"false\" data-per-view=\"1\" data-hide-on-end=\"false\" class=\"vc_slide vc_images_carousel\">\n\t\t\t\t\t\t\t<!-- Indicators -->\n\t\t\t\t<ol class=\"vc_carousel-indicators\">\n\t\t\t\t\t\t\t\t\t\t\t<li data-target=\"#vc_images-carousel-1-1777917111\" data-slide-to=\"0\"><\/li>\n\t\t\t\t\t\t\t\t\t\t\t<li data-target=\"#vc_images-carousel-1-1777917111\" data-slide-to=\"1\"><\/li>\n\t\t\t\t\t\t\t\t\t<\/ol>\n\t\t\t\t\t\t<!-- Wrapper for slides -->\n\t\t\t<div class=\"vc_carousel-inner\">\n\t\t\t\t<div class=\"vc_carousel-slideline\">\n\t\t\t\t\t<div class=\"vc_carousel-slideline-inner\">\n\t\t\t\t\t\t\t\t\t\t\t\t\t\t\t\t\t\t\t\t<div class=\"vc_item\">\n\t\t\t\t\t\t\t\t<div class=\"vc_inner\">\n\t\t\t\t\t\t\t\t\t\t\t\t\t\t\t\t\t\t\t<img loading=\"lazy\" decoding=\"async\" width=\"2560\" height=\"1440\" src=\"data:image\/gif;base64,R0lGODlhAQABAAAAACw=\" class=\"attachment-full\" alt=\"\" data-lazy-src=\"https:\/\/www.co-arquitectos.com\/wp-content\/uploads\/2024\/07\/IMAGEN-DERECHA-scaled.jpg\" \/>\t\t\t\t\t\t\t\t\t\t\t\t\t\t\t\t\t<\/div>\n\t\t\t\t\t\t\t<\/div>\n\t\t\t\t\t\t\t\t\t\t\t\t\t\t\t\t\t\t\t\t<div class=\"vc_item\">\n\t\t\t\t\t\t\t\t<div class=\"vc_inner\">\n\t\t\t\t\t\t\t\t\t\t\t\t\t\t\t\t\t\t\t<img loading=\"lazy\" decoding=\"async\" width=\"2560\" height=\"1440\" src=\"data:image\/gif;base64,R0lGODlhAQABAAAAACw=\" class=\"attachment-full\" alt=\"\" data-lazy-src=\"https:\/\/www.co-arquitectos.com\/wp-content\/uploads\/2024\/07\/IMAGEN-IZQUIERDA-scaled.jpg\" \/>\t\t\t\t\t\t\t\t\t\t\t\t\t\t\t\t\t<\/div>\n\t\t\t\t\t\t\t<\/div>\n\t\t\t\t\t\t\t\t\t\t\t<\/div>\n\t\t\t\t<\/div>\n\t\t\t<\/div>\n\t\t\t\t\t\t\t<!-- Controls -->\n\t\t\t\t<a class=\"vc_left vc_carousel-control\" href=\"#vc_images-carousel-1-1777917111\" data-slide=\"prev\">\n\t\t\t\t\t<span class=\"icon-prev\"><\/span>\n\t\t\t\t<\/a>\n\t\t\t\t<a class=\"vc_right vc_carousel-control\" href=\"#vc_images-carousel-1-1777917111\" data-slide=\"next\">\n\t\t\t\t\t<span class=\"icon-next\"><\/span>\n\t\t\t\t<\/a>\n\t\t\t\t\t<\/div>\n\t<\/div>\n<\/div>\n<\/div><\/div><\/div><\/div><div class=\"vc_row-full-width vc_clearfix\"><\/div><div class=\"vc_row wpb_row vc_row-fluid  margin-lg-15t margin-sm-20t\"><div class=\"wpb_column vc_column_container vc_col-sm-12 \"><div class=\"vc_column-inner \"><div class=\"wpb_wrapper\"><div  class=\"vc_wp_text wpb_content_element\"><div class=\"widget widget_text\">\t\t\t<div class=\"textwidget\"><\/p>\n<h1>Arquitectos Granada<\/h1>\n<p>\n<\/div>\n\t\t<\/div><\/div><\/div><\/div><\/div><\/div><div class=\"vc_row wpb_row vc_row-fluid  margin-lg-0t margin-sm-0t\"><div class=\"wpb_column vc_column_container vc_col-sm-8 vc_col-lg-offset-0 vc_col-lg-4 vc_col-md-offset-0 vc_col-md-5 vc_col-sm-offset-2 vc_hidden-sm vc_col-xs-12 vc_hidden-xs  margin-lg-65t margin-sm-0t\"><div class=\"vc_column-inner \"><div class=\"wpb_wrapper\">[vc_counters image_background=\u00bb191&#8243; border_size=\u00bb15px\u00bb numbers=\u00bb%5B%7B%22number%22%3A%2220%22%2C%22title%22%3A%22A%C3%B1os%20de%20Experiencia%22%7D%5D\u00bb]<\/div><\/div><\/div><div class=\"wpb_column vc_column_container vc_col-sm-12 vc_col-lg-offset-1 vc_col-lg-7 vc_col-md-offset-0 vc_col-md-7 vc_col-sm-offset-0 vc_col-xs-12  margin-sm-20t\"><div class=\"vc_column-inner \"><div class=\"wpb_wrapper\">[vc_headings subtitle=\u00bbNuestro Estudio\u00bb title=\u00bbCuadrado y Oliveras trabaja en Arquitectura, Urbanismo y<br \/>\nRehabilitaci\u00f3n desde el a\u00f1o 1997.\u00bb enable_animated=\u00bbtrue\u00bb]<\/p>\n<p style=\"text-align: justify;\">El Estudio lo componemos un\u00a0equipo altamente cualificado y con muchos a\u00f1os de experiencia en Arquitectura y Urbanismo, comprometido con mantener un alto nivel de calidad de nuestro Trabajo. Como equipo externo, y en estrecha colaboraci\u00f3n con nosotros, contamos con varios profesionales y consultores de ingenier\u00eda que apoyan con sus conocimientos y experiencia aquellas partes del proyecto m\u00e1s espec\u00edficas, del tipo que sea: climatizaci\u00f3n, electricidad, telecomunicaciones, sostenibilidad, etc.<\/p>\n<p>[\/vc_headings]<\/div><\/div><\/div><\/div><div class=\"vc_row wpb_row vc_row-fluid\"><div class=\"wpb_column vc_column_container vc_col-sm-12 \"><div class=\"vc_column-inner \"><div class=\"wpb_wrapper\">\n\t<div class=\"wpb_text_column wpb_content_element \" >\n\t\t<div class=\"wpb_wrapper\">\n\t\t\t<p><video autoplay=\"autoplay\" muted=\"\" controls=\"controls\" width=\"1170\" height=\"658\"><source src=\"https:\/\/www.co-arquitectos.com\/wp-content\/uploads\/2023\/05\/CO-ARQUITECTOS.mp4\" type=\"video\/mp4\" \/><source src=\"https:\/\/www.co-arquitectos.com\/wp-content\/uploads\/2023\/05\/CO-ARQUITECTOS.mp4\" type=\"video\/ogg\" \/>Tu navegador no soporta HTML5 video.<\/video><\/p>\n\n\t\t<\/div>\n\t<\/div>\n<\/div><\/div><\/div><\/div><div class=\"vc_row wpb_row vc_row-fluid  margin-lg-15t margin-sm-20t\"><div class=\"wpb_column vc_column_container vc_col-sm-12 \"><div class=\"vc_column-inner \"><div class=\"wpb_wrapper\">[vc_headings subtitle=\u00bbCO-ARQUITECTOS\u00bb title=\u00bb\u00daLTIMOS PROYECTOS\u00bb][\/vc_headings]<\/div><\/div><\/div><\/div><div class=\"vc_row wpb_row vc_row-fluid  margin-lg-30t margin-sm-20t\"><div class=\"wpb_column vc_column_container vc_col-sm-12 \"><div class=\"vc_column-inner \"><div class=\"wpb_wrapper\">[vc_projects_posts templates=\u00bbgrid\u00bb post_type=\u00bbprojects\u00bb total_columns=\u00bbprague_count_col3&#8243; image_original_size=\u00bbfull\u00bb filter_type=\u00bbyear\u00bb orderby=\u00bbdate\u00bb button_link_class=\u00bbprague-services-link a-btn-2 simple\u00bb button_span_class=\u00bba-btn-line\u00bb posts_per_page=\u00bb6&#8243;]\n\t<div class=\"wpb_text_column wpb_content_element \" >\n\t\t<div class=\"wpb_wrapper\">\n\t\t\t<p><video autoplay=\"autoplay\" muted=\"\" controls=\"controls\" width=\"1170\" height=\"658\"><source src=\"https:\/\/www.co-arquitectos.com\/wp-content\/uploads\/2023\/08\/RTVE-en-el-Palacio-de-Aranibar-Centro-de-interpretacion-EL-PUERTO-DE-LOS-CARGADORES-A-INDIAS.mp4\" type=\"video\/mp4\" \/><source src=\"https:\/\/www.co-arquitectos.com\/wp-content\/uploads\/2023\/08\/RTVE-en-el-Palacio-de-Aranibar-Centro-de-interpretacion-EL-PUERTO-DE-LOS-CARGADORES-A-INDIAS.mp4\" type=\"video\/ogg\" \/>Tu navegador no soporta HTML5 video.<\/video><\/p>\n\n\t\t<\/div>\n\t<\/div>\n<\/div><\/div><\/div><\/div><div class=\"vc_row wpb_row vc_row-fluid  margin-lg-0t\"><div class=\"wpb_column vc_column_container vc_col-sm-12 \"><div class=\"vc_column-inner \"><div class=\"wpb_wrapper\">[vc_headings subtitle=\u00bbNUESTROS CLIENTES OPINAN:\u00bb title=\u00bbRese\u00f1as:\u00bb][\/vc_headings]<\/div><\/div><\/div><\/div><div class=\"vc_row wpb_row vc_row-fluid  margin-lg-10t margin-lg-145b margin-sm-70b\"><div class=\"wpb_column vc_column_container vc_col-sm-12 \"><div class=\"vc_column-inner \"><div class=\"wpb_wrapper\"><div  class=\"vc_wp_text wpb_content_element\"><div class=\"widget widget_text\">\t\t\t<div class=\"textwidget\"><div class=\"wprev-slider revnotsameheight\" id=\"wprev-slider-1\" data-revsameheight=\"no\" data-onemobil=\"\" data-sliderautoplay=\"\"  data-slidespeed=\"\" data-slideautodelay=\"\" data-sliderhideprevnext=\"\" data-sliderhidedots=\"\" data-sliderfixedheight=\"\">\n<ul>\n<style>#wprev-slider-1 .wprev_preview_bradius_T1 {border-radius: 0px;}#wprev-slider-1 .wprev_preview_bg1_T1::after{ border-top: 30px solid ; }<\/style>\n<style><\/style>\n<li>\n<div class=\"wprevpro_t1_outer_div w3_wprs-row-padding\">\n<div class=\"wprevpro_t1_DIV_1 w3_wprs-col l4\">\n<div class=\"wprevpro_t1_DIV_2 indrevdiv wprev_preview_tcolor1_T1  wprev_preview_bg1_T1 wprev_preview_bradius_T1\">\n<p class=\"wprevpro_t1_P_3 wprev_preview_tcolor1_T1\">\n\t\t\t\t\t<span class=\"wprevpro_star_imgs_T1\"><span class=\"starloc1 wprevpro_star_imgs wprevpro_star_imgsloc1\"><span class=\"svgicons svg-wprsp-star\"><\/span><span class=\"svgicons svg-wprsp-star\"><\/span><span class=\"svgicons svg-wprsp-star\"><\/span><span class=\"svgicons svg-wprsp-star\"><\/span><span class=\"svgicons svg-wprsp-star\"><\/span><\/span><\/span>\t\t\t\t<\/p>\n<p>\t\t\t\t\t\t\t\t<a href=\"https:\/\/www.facebook.com\/pg\/125532514275156\/reviews\/\" target=\"_blank\" rel=\"nofollow\"><img decoding=\"async\" src=\"https:\/\/www.co-arquitectos.com\/wp-content\/plugins\/wp-facebook-reviews\/public\/partials\/imgs\/facebook_small_icon.png\" alt=\"\" class=\"wprevpro_t1_fb_logo sitetype_Facebook\"><\/a>\t\t\t<\/div>\n<p><span class=\"wprevpro_t1_A_8\"><img decoding=\"async\" src=\"https:\/\/platform-lookaside.fbsbx.com\/platform\/profilepic\/?psid=1560941487300949&height=100&width=100&ext=1540549520&hash=AeQ5MhsQKYq_WsuT\" alt=\"Btorrs B\u00e9jr Avatar\" class=\"wprevpro_t1_IMG_4\" loading=\"lazy\" \/><\/span> <span class=\"wprevpro_t1_SPAN_5 wprev_preview_tcolor2_T1\">Btorrs B\u00e9jr<br \/><span class=\"wprev_showdate_T1\"><\/span> <\/span>\n\t\t<\/div>\n<div class=\"wprevpro_t1_DIV_1 w3_wprs-col l4\">\n<div class=\"wprevpro_t1_DIV_2 indrevdiv wprev_preview_tcolor1_T1  wprev_preview_bg1_T1 wprev_preview_bradius_T1\">\n<p class=\"wprevpro_t1_P_3 wprev_preview_tcolor1_T1\">\n\t\t\t\t\t<span class=\"wprevpro_star_imgs_T1\"><span class=\"starloc1 wprevpro_star_imgs wprevpro_star_imgsloc1\"><span class=\"svgicons svg-wprsp-star\"><\/span><span class=\"svgicons svg-wprsp-star\"><\/span><span class=\"svgicons svg-wprsp-star\"><\/span><span class=\"svgicons svg-wprsp-star\"><\/span><span class=\"svgicons svg-wprsp-star\"><\/span><\/span><\/span>Grandes profesionales,  con un trato exquisito\t\t\t\t<\/p>\n<p>\t\t\t\t\t\t\t\t<a href=\"https:\/\/www.facebook.com\/pg\/125532514275156\/reviews\/\" target=\"_blank\" rel=\"nofollow\"><img decoding=\"async\" src=\"https:\/\/www.co-arquitectos.com\/wp-content\/plugins\/wp-facebook-reviews\/public\/partials\/imgs\/facebook_small_icon.png\" alt=\"\" class=\"wprevpro_t1_fb_logo sitetype_Facebook\"><\/a>\t\t\t<\/div>\n<p><span class=\"wprevpro_t1_A_8\"><img decoding=\"async\" src=\"https:\/\/platform-lookaside.fbsbx.com\/platform\/profilepic\/?psid=1512574778778995&height=100&width=100&ext=1540549520&hash=AeQ_Lxws95lyn-Ks\" alt=\"Diego Campo Moreno Avatar\" class=\"wprevpro_t1_IMG_4\" loading=\"lazy\" \/><\/span> <span class=\"wprevpro_t1_SPAN_5 wprev_preview_tcolor2_T1\">Diego Campo<br \/><span class=\"wprev_showdate_T1\"><\/span> <\/span>\n\t\t<\/div>\n<div class=\"wprevpro_t1_DIV_1 w3_wprs-col l4\">\n<div class=\"wprevpro_t1_DIV_2 indrevdiv wprev_preview_tcolor1_T1  wprev_preview_bg1_T1 wprev_preview_bradius_T1\">\n<p class=\"wprevpro_t1_P_3 wprev_preview_tcolor1_T1\">\n\t\t\t\t\t<span class=\"wprevpro_star_imgs_T1\"><img decoding=\"async\" src=\"https:\/\/www.co-arquitectos.com\/wp-content\/plugins\/wp-facebook-reviews\/public\/partials\/imgs\/positive-min.png\" alt=\"positive review\" class=\"wprevpro_t1_rec_img_file\">&nbsp;&nbsp;<\/span>Un equipo excelente que te ayudan desde el primer momento en lo que necesitas. Te dan ideas, cumplen todos los plazos previstos y realizan un trabajo fant\u00e1stico. Serios y Creativos. Muy recomendables.\t\t\t\t<\/p>\n<p>\t\t\t\t\t\t\t\t<a href=\"https:\/\/www.facebook.com\/pg\/125532514275156\/reviews\/\" target=\"_blank\" rel=\"nofollow\"><img decoding=\"async\" src=\"https:\/\/www.co-arquitectos.com\/wp-content\/plugins\/wp-facebook-reviews\/public\/partials\/imgs\/facebook_small_icon.png\" alt=\"\" class=\"wprevpro_t1_fb_logo sitetype_Facebook\"><\/a>\t\t\t<\/div>\n<p><span class=\"wprevpro_t1_A_8\"><img decoding=\"async\" src=\"https:\/\/platform-lookaside.fbsbx.com\/platform\/profilepic\/?psid=2211083808965669&height=100&width=100&ext=1540549520&hash=AeSim2elApyJgeME\" alt=\"\u00c1lvaro Fern\u00e1ndez Cremades Avatar\" class=\"wprevpro_t1_IMG_4\" loading=\"lazy\" \/><\/span> <span class=\"wprevpro_t1_SPAN_5 wprev_preview_tcolor2_T1\">\u00c1lvaro Fern\u00e1ndez<br \/><span class=\"wprev_showdate_T1\"><\/span> <\/span>\n\t\t<\/div><\/div>\n<\/li>\n<li class=\"wprevnextslide\">\n<div class=\"wprevpro_t1_outer_div w3_wprs-row-padding\">\n<div class=\"wprevpro_t1_DIV_1 w3_wprs-col l4\">\n<div class=\"wprevpro_t1_DIV_2 indrevdiv wprev_preview_tcolor1_T1  wprev_preview_bg1_T1 wprev_preview_bradius_T1\">\n<p class=\"wprevpro_t1_P_3 wprev_preview_tcolor1_T1\">\n\t\t\t\t\t<span class=\"wprevpro_star_imgs_T1\"><span class=\"starloc1 wprevpro_star_imgs wprevpro_star_imgsloc1\"><span class=\"svgicons svg-wprsp-star\"><\/span><span class=\"svgicons svg-wprsp-star\"><\/span><span class=\"svgicons svg-wprsp-star\"><\/span><span class=\"svgicons svg-wprsp-star\"><\/span><span class=\"svgicons svg-wprsp-star\"><\/span><\/span><\/span>\t\t\t\t<\/p>\n<p>\t\t\t\t\t\t\t\t<a href=\"https:\/\/www.facebook.com\/pg\/125532514275156\/reviews\/\" target=\"_blank\" rel=\"nofollow\"><img decoding=\"async\" src=\"https:\/\/www.co-arquitectos.com\/wp-content\/plugins\/wp-facebook-reviews\/public\/partials\/imgs\/facebook_small_icon.png\" alt=\"\" class=\"wprevpro_t1_fb_logo sitetype_Facebook\"><\/a>\t\t\t<\/div>\n<p><span class=\"wprevpro_t1_A_8\"><img decoding=\"async\" src=\"https:\/\/platform-lookaside.fbsbx.com\/platform\/profilepic\/?psid=1904347906319128&height=100&width=100&ext=1540549520&hash=AeSOm6pXNAJGuG3T\" alt=\"Martu Sarav\u00ed Avatar\" class=\"wprevpro_t1_IMG_4\" loading=\"lazy\" \/><\/span> <span class=\"wprevpro_t1_SPAN_5 wprev_preview_tcolor2_T1\">Martu Sarav\u00ed<br \/><span class=\"wprev_showdate_T1\"><\/span> <\/span>\n\t\t<\/div>\n<div class=\"wprevpro_t1_DIV_1 w3_wprs-col l4\">\n<div class=\"wprevpro_t1_DIV_2 indrevdiv wprev_preview_tcolor1_T1  wprev_preview_bg1_T1 wprev_preview_bradius_T1\">\n<p class=\"wprevpro_t1_P_3 wprev_preview_tcolor1_T1\">\n\t\t\t\t\t<span class=\"wprevpro_star_imgs_T1\"><span class=\"starloc1 wprevpro_star_imgs wprevpro_star_imgsloc1\"><span class=\"svgicons svg-wprsp-star\"><\/span><span class=\"svgicons svg-wprsp-star\"><\/span><span class=\"svgicons svg-wprsp-star\"><\/span><span class=\"svgicons svg-wprsp-star\"><\/span><span class=\"svgicons svg-wprsp-star\"><\/span><\/span><\/span>\t\t\t\t<\/p>\n<p>\t\t\t\t\t\t\t\t<a href=\"https:\/\/www.facebook.com\/pg\/125532514275156\/reviews\/\" target=\"_blank\" rel=\"nofollow\"><img decoding=\"async\" src=\"https:\/\/www.co-arquitectos.com\/wp-content\/plugins\/wp-facebook-reviews\/public\/partials\/imgs\/facebook_small_icon.png\" alt=\"\" class=\"wprevpro_t1_fb_logo sitetype_Facebook\"><\/a>\t\t\t<\/div>\n<p><span class=\"wprevpro_t1_A_8\"><img decoding=\"async\" src=\"https:\/\/platform-lookaside.fbsbx.com\/platform\/profilepic\/?psid=2398920146814992&height=100&width=100&ext=1540549520&hash=AeQQm6roAHRQr4Dr\" alt=\"Jose Ricardo Manriquez Rivera Avatar\" class=\"wprevpro_t1_IMG_4\" loading=\"lazy\" \/><\/span> <span class=\"wprevpro_t1_SPAN_5 wprev_preview_tcolor2_T1\">Jose Ricardo<br \/><span class=\"wprev_showdate_T1\"><\/span> <\/span>\n\t\t<\/div>\n<div class=\"wprevpro_t1_DIV_1 w3_wprs-col l4\">\n<div class=\"wprevpro_t1_DIV_2 indrevdiv wprev_preview_tcolor1_T1  wprev_preview_bg1_T1 wprev_preview_bradius_T1\">\n<p class=\"wprevpro_t1_P_3 wprev_preview_tcolor1_T1\">\n\t\t\t\t\t<span class=\"wprevpro_star_imgs_T1\"><span class=\"starloc1 wprevpro_star_imgs wprevpro_star_imgsloc1\"><span class=\"svgicons svg-wprsp-star\"><\/span><span class=\"svgicons svg-wprsp-star\"><\/span><span class=\"svgicons svg-wprsp-star\"><\/span><span class=\"svgicons svg-wprsp-star-o\"><\/span><span class=\"svgicons svg-wprsp-star-o\"><\/span><\/span><\/span>\t\t\t\t<\/p>\n<p>\t\t\t\t\t\t\t\t<a href=\"https:\/\/www.facebook.com\/pg\/125532514275156\/reviews\/\" target=\"_blank\" rel=\"nofollow\"><img decoding=\"async\" src=\"https:\/\/www.co-arquitectos.com\/wp-content\/plugins\/wp-facebook-reviews\/public\/partials\/imgs\/facebook_small_icon.png\" alt=\"\" class=\"wprevpro_t1_fb_logo sitetype_Facebook\"><\/a>\t\t\t<\/div>\n<p><span class=\"wprevpro_t1_A_8\"><img decoding=\"async\" src=\"https:\/\/platform-lookaside.fbsbx.com\/platform\/profilepic\/?psid=1542773509157940&height=100&width=100&ext=1540549520&hash=AeQ1cwS6h-61MNHb\" alt=\"Juan Luis Mazarrasa Martin Avatar\" class=\"wprevpro_t1_IMG_4\" loading=\"lazy\" \/><\/span> <span class=\"wprevpro_t1_SPAN_5 wprev_preview_tcolor2_T1\">Juan Luis<br \/><span class=\"wprev_showdate_T1\"><\/span> <\/span>\n\t\t<\/div><\/div>\n<\/li>\n<li class=\"wprevnextslide\">\n<div class=\"wprevpro_t1_outer_div w3_wprs-row-padding\">\n<div class=\"wprevpro_t1_DIV_1 w3_wprs-col l4\">\n<div class=\"wprevpro_t1_DIV_2 indrevdiv wprev_preview_tcolor1_T1  wprev_preview_bg1_T1 wprev_preview_bradius_T1\">\n<p class=\"wprevpro_t1_P_3 wprev_preview_tcolor1_T1\">\n\t\t\t\t\t<span class=\"wprevpro_star_imgs_T1\"><span class=\"starloc1 wprevpro_star_imgs wprevpro_star_imgsloc1\"><span class=\"svgicons svg-wprsp-star\"><\/span><span class=\"svgicons svg-wprsp-star\"><\/span><span class=\"svgicons svg-wprsp-star\"><\/span><span class=\"svgicons svg-wprsp-star\"><\/span><span class=\"svgicons svg-wprsp-star\"><\/span><\/span><\/span>\t\t\t\t<\/p>\n<p>\t\t\t\t\t\t\t\t<a href=\"https:\/\/www.facebook.com\/pg\/125532514275156\/reviews\/\" target=\"_blank\" rel=\"nofollow\"><img decoding=\"async\" src=\"https:\/\/www.co-arquitectos.com\/wp-content\/plugins\/wp-facebook-reviews\/public\/partials\/imgs\/facebook_small_icon.png\" alt=\"\" class=\"wprevpro_t1_fb_logo sitetype_Facebook\"><\/a>\t\t\t<\/div>\n<p><span class=\"wprevpro_t1_A_8\"><img decoding=\"async\" src=\"https:\/\/platform-lookaside.fbsbx.com\/platform\/profilepic\/?psid=1918088501604379&height=100&width=100&ext=1540549520&hash=AeT0608d6GO50Ion\" alt=\"Jes\u00fas Porr\u00faa \u00c1vila Avatar\" class=\"wprevpro_t1_IMG_4\" loading=\"lazy\" \/><\/span> <span class=\"wprevpro_t1_SPAN_5 wprev_preview_tcolor2_T1\">Jes\u00fas Porr\u00faa<br \/><span class=\"wprev_showdate_T1\"><\/span> <\/span>\n\t\t<\/div>\n<div class=\"wprevpro_t1_DIV_1 w3_wprs-col l4\">\n<div class=\"wprevpro_t1_DIV_2 indrevdiv wprev_preview_tcolor1_T1  wprev_preview_bg1_T1 wprev_preview_bradius_T1\">\n<p class=\"wprevpro_t1_P_3 wprev_preview_tcolor1_T1\">\n\t\t\t\t\t<span class=\"wprevpro_star_imgs_T1\"><span class=\"starloc1 wprevpro_star_imgs wprevpro_star_imgsloc1\"><span class=\"svgicons svg-wprsp-star\"><\/span><span class=\"svgicons svg-wprsp-star\"><\/span><span class=\"svgicons svg-wprsp-star\"><\/span><span class=\"svgicons svg-wprsp-star\"><\/span><span class=\"svgicons svg-wprsp-star\"><\/span><\/span><\/span>\t\t\t\t<\/p>\n<p>\t\t\t\t\t\t\t\t<a href=\"https:\/\/www.facebook.com\/pg\/125532514275156\/reviews\/\" target=\"_blank\" rel=\"nofollow\"><img decoding=\"async\" src=\"https:\/\/www.co-arquitectos.com\/wp-content\/plugins\/wp-facebook-reviews\/public\/partials\/imgs\/facebook_small_icon.png\" alt=\"\" class=\"wprevpro_t1_fb_logo sitetype_Facebook\"><\/a>\t\t\t<\/div>\n<p><span class=\"wprevpro_t1_A_8\"><img decoding=\"async\" src=\"https:\/\/platform-lookaside.fbsbx.com\/platform\/profilepic\/?psid=1981517818573602&height=100&width=100&ext=1540549521&hash=AeQa_aUx1itQ_6Ri\" alt=\"Ao Lopez Avatar\" class=\"wprevpro_t1_IMG_4\" loading=\"lazy\" \/><\/span> <span class=\"wprevpro_t1_SPAN_5 wprev_preview_tcolor2_T1\">Ao Lopez<br \/><span class=\"wprev_showdate_T1\"><\/span> <\/span>\n\t\t<\/div><\/div>\n<\/li>\n<\/ul>\n<\/div>\n<div style=\"text-align: center; margin-top: 20px;\"><a class=\"btn button-button_30 btn-default\" href=\"https:\/\/www.facebook.com\/pg\/Cuadrado.OliverasArquitectos\/reviews\" target=\"_blank\" rel=\"nofollow noopener noreferrer\" data-delay=\"0\">DEJAR MI OPINI\u00d3N<i class=\"fa fa-angle-right\"><\/i><\/a><\/div>\n<p>\n<\/div>\n\t\t<\/div><\/div><\/div><\/div><\/div><\/div>\n","protected":false},"excerpt":{"rendered":"Arquitectos Granada [vc_counters image_background=\"191\" border_size=\"15px\" numbers=\"%5B%7B%22number%22%3A%2220%22%2C%22title%22%3A%22A%C3%B1os%20de%20Experiencia%22%7D%5D\"][vc_headings subtitle=\"Nuestro Estudio\" title=\"Cuadrado y Oliveras trabaja en Arquitectura, Urbanismo y Rehabilitaci\u00f3n desde el a\u00f1o","protected":false},"author":1,"featured_media":0,"parent":0,"menu_order":0,"comment_status":"closed","ping_status":"closed","template":"","meta":{"om_disable_all_campaigns":false,"_monsterinsights_skip_tracking":false,"_monsterinsights_sitenote_active":false,"_monsterinsights_sitenote_note":"","_monsterinsights_sitenote_category":0,"footnotes":""},"class_list":["post-1599","page","type-page","status-publish","hentry"],"aioseo_notices":[],"_links":{"self":[{"href":"https:\/\/www.co-arquitectos.com\/en\/wp-json\/wp\/v2\/pages\/1599","targetHints":{"allow":["GET"]}}],"collection":[{"href":"https:\/\/www.co-arquitectos.com\/en\/wp-json\/wp\/v2\/pages"}],"about":[{"href":"https:\/\/www.co-arquitectos.com\/en\/wp-json\/wp\/v2\/types\/page"}],"author":[{"embeddable":true,"href":"https:\/\/www.co-arquitectos.com\/en\/wp-json\/wp\/v2\/users\/1"}],"replies":[{"embeddable":true,"href":"https:\/\/www.co-arquitectos.com\/en\/wp-json\/wp\/v2\/comments?post=1599"}],"version-history":[{"count":52,"href":"https:\/\/www.co-arquitectos.com\/en\/wp-json\/wp\/v2\/pages\/1599\/revisions"}],"predecessor-version":[{"id":4814,"href":"https:\/\/www.co-arquitectos.com\/en\/wp-json\/wp\/v2\/pages\/1599\/revisions\/4814"}],"wp:attachment":[{"href":"https:\/\/www.co-arquitectos.com\/en\/wp-json\/wp\/v2\/media?parent=1599"}],"curies":[{"name":"wp","href":"https:\/\/api.w.org\/{rel}","templated":true}]}}