{"id":3834,"date":"2023-05-07T12:02:27","date_gmt":"2023-05-07T12:02:27","guid":{"rendered":"https:\/\/www.co-arquitectos.com\/?page_id=3834"},"modified":"2023-05-07T12:03:39","modified_gmt":"2023-05-07T12:03:39","slug":"mapa-del-sitio","status":"publish","type":"page","link":"https:\/\/www.co-arquitectos.com\/en\/mapa-del-sitio\/","title":{"rendered":"Sitemap"},"content":{"rendered":"<div class=\"aioseo-html-sitemap\"><style>.aioseo-html-sitemap.labels-hidden ul { margin: 0; }<\/style><div class=\"aioseo-html-post-sitemap\"><h4>Posts<\/h4><ul><li><a href=\"https:\/\/www.co-arquitectos.com\/en\/que-son-las-placas-fotovoltaicas-todo-lo-que-necesitas-saber\/\" >\u00bfQu\u00e9 son las placas Fotovolt\u00e1icas? Todo lo que necesitas saber (26 September, 2022)<\/a><\/li><li><a href=\"https:\/\/www.co-arquitectos.com\/en\/reformas-en-granada\/\" >Reformas en Granada &#8211; Co-Arquitectos (30 September, 2022)<\/a><\/li><li><a href=\"https:\/\/www.co-arquitectos.com\/en\/ahorro-energetico-en-viviendas\/\" >Ahorro energ\u00e9tico en viviendas (2 November, 2022)<\/a><\/li><li><a href=\"https:\/\/www.co-arquitectos.com\/en\/el-auge-de-las-casas-prefabricadas\/\" >El auge de las casas prefabricadas (2 November, 2022)<\/a><\/li><li><a href=\"https:\/\/www.co-arquitectos.com\/en\/donde-estudiar-arquitectura\/\" >D\u00f3nde estudiar Arquitectura (4 December, 2022)<\/a><\/li><li><a href=\"https:\/\/www.co-arquitectos.com\/en\/5-razones-para-estudiar-arquitectura\/\" >5 Razones para estudiar arquitectura (8 December, 2022)<\/a><\/li><li><a href=\"https:\/\/www.co-arquitectos.com\/en\/estudio-de-arquitectura-en-granada\/\" >Estudio de arquitectura en Granada (18 January, 2023)<\/a><\/li><li><a href=\"https:\/\/www.co-arquitectos.com\/en\/cuanto-dura-la-carrera-de-arquitectura-en-espana\/\" >\u00bfCu\u00e1nto dura la carrera de Arquitectura en Espa\u00f1a? (24 January, 2023)<\/a><\/li><li><a href=\"https:\/\/www.co-arquitectos.com\/en\/que-tipo-de-iva-tiene-la-reforma-de-una-vivienda\/\" >\u00bfQu\u00e9 tipo de IVA tiene la reforma de una vivienda? (22 February, 2023)<\/a><\/li><li><a href=\"https:\/\/www.co-arquitectos.com\/en\/la-arquitectura-en-residencias-de-ancianos-en-granada\/\" >La arquitectura en residencias de ancianos en Granada (27 February, 2023)<\/a><\/li><li><a href=\"https:\/\/www.co-arquitectos.com\/en\/como-funciona-el-certificado-energetico-de-una-vivienda\/\" >C\u00f3mo funciona el certificado energ\u00e9tico de una vivienda (22 March, 2023)<\/a><\/li><li><a href=\"https:\/\/www.co-arquitectos.com\/en\/como-se-realiza-un-diseno-de-interior\/\" >C\u00f3mo se realiza un dise\u00f1o de interior (29 March, 2023)<\/a><\/li><li><a href=\"https:\/\/www.co-arquitectos.com\/en\/como-planificar-una-reforma-de-hogar\/\" >C\u00f3mo planificar una reforma de hogar (25 April, 2023)<\/a><\/li><li><a href=\"https:\/\/www.co-arquitectos.com\/en\/que-es-un-render-y-para-que-se-usa-en-arquitectura\/\" >Qu\u00e9 es un Render y para qu\u00e9 se usa en Arquitectura (27 April, 2023)<\/a><\/li><li><a href=\"https:\/\/www.co-arquitectos.com\/en\/por-que-es-necesario-un-informe-pericial-en-la-construccion\/\" >\u00bfPor qu\u00e9 es necesario un informe pericial en la construcci\u00f3n? (16 May, 2023)<\/a><\/li><li><a href=\"https:\/\/www.co-arquitectos.com\/en\/como-se-realiza-un-informe-de-tasacion-inmobiliaria\/\" >\u00bfC\u00f3mo se realiza un informe de tasaci\u00f3n inmobiliaria? (31 May, 2023)<\/a><\/li><li><a href=\"https:\/\/www.co-arquitectos.com\/en\/la-rehabilitacion-de-edificios-en-granada\/\" >La rehabilitaci\u00f3n de edificios en Granada (14 June, 2023)<\/a><\/li><li><a href=\"https:\/\/www.co-arquitectos.com\/en\/la-arquitectura-en-granada\/\" >La Arquitectura en Granada (26 June, 2023)<\/a><\/li><li><a href=\"https:\/\/www.co-arquitectos.com\/en\/como-es-la-arquitectura-contemporanea\/\" >\u00bfC\u00f3mo es la arquitectura contempor\u00e1nea? (24 July, 2023)<\/a><\/li><li><a href=\"https:\/\/www.co-arquitectos.com\/en\/en-que-consiste-un-proyecto-de-arquitectura\/\" >\u00bfEn qu\u00e9 consiste un proyecto de arquitectura para un edificio? (29 July, 2023)<\/a><\/li><li><a href=\"https:\/\/www.co-arquitectos.com\/en\/que-es-un-aparejador\/\" >\u00bfQu\u00e9 es un aparejador? (10 August, 2023)<\/a><\/li><li><a href=\"https:\/\/www.co-arquitectos.com\/en\/cte-que-es\/\" >\u00bfQu\u00e9 es C\u00f3digo T\u00e9cnico de la Edificaci\u00f3n (CTE)? (22 August, 2023)<\/a><\/li><li><a href=\"https:\/\/www.co-arquitectos.com\/en\/como-es-la-arquitectura-romanica\/\" >\u00bfC\u00f3mo es la arquitectura rom\u00e1nica? (15 September, 2023)<\/a><\/li><li><a href=\"https:\/\/www.co-arquitectos.com\/en\/los-edificios-de-cristal-mas-impresionantes\/\" >Los edificios de cristal m\u00e1s impresionantes (22 September, 2023)<\/a><\/li><li><a href=\"https:\/\/www.co-arquitectos.com\/en\/los-mejores-libros-sobre-arquitectura\/\" >Los mejores libros sobre arquitectura (16 October, 2023)<\/a><\/li><li><a href=\"https:\/\/www.co-arquitectos.com\/en\/8-arquitectos-famosos-espanoles\/\" >8 Arquitectos famosos espa\u00f1oles (24 October, 2023)<\/a><\/li><li><a href=\"https:\/\/www.co-arquitectos.com\/en\/que-es-la-arquitectura-vernacula\/\" >\u00bfQu\u00e9 es la arquitectura vern\u00e1cula? (15 November, 2023)<\/a><\/li><li><a href=\"https:\/\/www.co-arquitectos.com\/en\/que-es-la-arquitectura-parametrica\/\" >\u00bfQu\u00e9 es la arquitectura param\u00e9trica? (22 November, 2023)<\/a><\/li><li><a href=\"https:\/\/www.co-arquitectos.com\/en\/caracteristicas-de-la-arquitectura-islamica\/\" >Caracter\u00edsticas de la Arquitectura Isl\u00e1mica (19 December, 2023)<\/a><\/li><li><a href=\"https:\/\/www.co-arquitectos.com\/en\/minaretes-concepto-funcion-y-ejemplos\/\" >Minaretes: Concepto, Funci\u00f3n y Ejemplos (21 December, 2023)<\/a><\/li><li><a href=\"https:\/\/www.co-arquitectos.com\/en\/como-es-la-arquitectura-rococo\/\" >\u00bfC\u00f3mo es la Arquitectura Rococ\u00f3? (15 January, 2024)<\/a><\/li><li><a href=\"https:\/\/www.co-arquitectos.com\/en\/curiosidades-de-la-alhambra\/\" >Curiosidades de la Alhambra (25 January, 2024)<\/a><\/li><li><a href=\"https:\/\/www.co-arquitectos.com\/en\/arquitectura-gotica-caracteristicas-y-ejemplos\/\" >Arquitectura g\u00f3tica: caracter\u00edsticas y ejemplos (19 February, 2024)<\/a><\/li><li><a href=\"https:\/\/www.co-arquitectos.com\/en\/10-curiosidades-de-la-torre-eiffel\/\" >10 Curiosidades de la Torre Eiffel (27 February, 2024)<\/a><\/li><li><a href=\"https:\/\/www.co-arquitectos.com\/en\/zonificaciones-que-son-y-su-importancia\/\" >Zonificaciones: Qu\u00e9 son y su Importancia (15 March, 2024)<\/a><\/li><li><a href=\"https:\/\/www.co-arquitectos.com\/en\/estuco-veneciano-elegancia-y-arte-en-las-paredes\/\" >Estuco Veneciano: Elegancia y Arte en las Paredes (25 March, 2024)<\/a><\/li><li><a href=\"https:\/\/www.co-arquitectos.com\/en\/curiosidades-de-la-mezquita-de-cordoba\/\" >6 Curiosidades de la Mezquita de C\u00f3rdoba (15 April, 2024)<\/a><\/li><li><a href=\"https:\/\/www.co-arquitectos.com\/en\/planimetria-la-representacion-grafica-de-un-edificio-en-un-plano-horizontal\/\" >Planimetr\u00eda: La representaci\u00f3n gr\u00e1fica de un edificio en un plano horizontal (23 April, 2024)<\/a><\/li><li><a href=\"https:\/\/www.co-arquitectos.com\/en\/que-es-la-arquitectura-bioclimatica\/\" >\u00bfQu\u00e9 es la Arquitectura Bioclim\u00e1tica? (14 May, 2024)<\/a><\/li><li><a href=\"https:\/\/www.co-arquitectos.com\/en\/que-es-un-muro-trombre\/\" >\u00bfQu\u00e9 es un Muro Trombre? (15 May, 2024)<\/a><\/li><li><a href=\"https:\/\/www.co-arquitectos.com\/en\/estructura-reticular-que-es-aplicaciones-y-ejemplos\/\" >Estructura Reticular: Qu\u00e9 es, Aplicaciones y Ejemplos (7 June, 2024)<\/a><\/li><li><a href=\"https:\/\/www.co-arquitectos.com\/en\/10-curiosidades-del-acueducto-de-segovia\/\" >10 Curiosidades del acueducto de Segovia (28 June, 2024)<\/a><\/li><li><a href=\"https:\/\/www.co-arquitectos.com\/en\/diagramas-de-flujo-en-la-arquitectura\/\" >Diagramas de Flujo en la Arquitectura (5 July, 2024)<\/a><\/li><li><a href=\"https:\/\/www.co-arquitectos.com\/en\/arquitectura-residencial-que-es-y-tendencias-actuales\/\" >Arquitectura Residencial: Qu\u00e9 es y Tendencias Actuales (22 July, 2024)<\/a><\/li><li><a href=\"https:\/\/www.co-arquitectos.com\/en\/tipos-de-estuco-caracteristicas-y-usos\/\" >Tipos de Estuco: Caracter\u00edsticas y Usos (12 August, 2024)<\/a><\/li><li><a href=\"https:\/\/www.co-arquitectos.com\/en\/arquitectura-brutalista-caracteristicas-y-ejemplos\/\" >Arquitectura Brutalista: Caracter\u00edsticas y Ejemplos (26 August, 2024)<\/a><\/li><li><a href=\"https:\/\/www.co-arquitectos.com\/en\/curiosidades-de-la-sagrada-familia\/\" >Curiosidades de la Sagrada Familia (13 September, 2024)<\/a><\/li><li><a href=\"https:\/\/www.co-arquitectos.com\/en\/los-7-materiales-sostenibles-mas-utilizados\/\" >Los 7 materiales sostenibles m\u00e1s utilizados (27 September, 2024)<\/a><\/li><li><a href=\"https:\/\/www.co-arquitectos.com\/en\/metodologia-bim\/\" >\u00bfQu\u00e9 es la metodolog\u00eda BIM? Usos y ventajas (4 October, 2024)<\/a><\/li><li><a href=\"https:\/\/www.co-arquitectos.com\/en\/disenos-de-cocinas-pequenas-claves-y-ejemplos\/\" >Dise\u00f1os de cocinas peque\u00f1as: claves y ejemplos (18 October, 2024)<\/a><\/li><li><a href=\"https:\/\/www.co-arquitectos.com\/en\/10-curiosidades-de-la-catedral-de-burgos\/\" >10 Curiosidades de la catedral de Burgos (4 November, 2024)<\/a><\/li><li><a href=\"https:\/\/www.co-arquitectos.com\/en\/arquitectura-hostil-concepto-y-caracteristicas\/\" >Arquitectura hostil: concepto y caracter\u00edsticas (15 November, 2024)<\/a><\/li><li><a href=\"https:\/\/www.co-arquitectos.com\/en\/le-corbusier-el-color-en-la-arquitectura\/\" >Le Corbusier: el color en la arquitectura (5 December, 2024)<\/a><\/li><li><a href=\"https:\/\/www.co-arquitectos.com\/en\/arquitectura-renacentista-caracteristicas-y-ejemplos\/\" >Arquitectura renacentista: caracter\u00edsticas y ejemplos (20 December, 2024)<\/a><\/li><li><a href=\"https:\/\/www.co-arquitectos.com\/en\/zaha-hadid%e2%80%8b-historia-y-obras\/\" >Zaha Hadid\u200b: historia y obras (13 January, 2025)<\/a><\/li><li><a href=\"https:\/\/www.co-arquitectos.com\/en\/arquitecto-calatrava-obras-y-biografia\/\" >Arquitecto Calatrava: obras y biograf\u00eda (24 January, 2025)<\/a><\/li><li><a href=\"https:\/\/www.co-arquitectos.com\/en\/el-edificio-mas-alto-de-benidorm\/\" >El edificio m\u00e1s alto de Benidorm (6 February, 2025)<\/a><\/li><li><a href=\"https:\/\/www.co-arquitectos.com\/en\/arcos-en-la-arquitectura\/\" >Arcos en la arquitectura (24 February, 2025)<\/a><\/li><li><a href=\"https:\/\/www.co-arquitectos.com\/en\/art-deco-en-arquitectura-que-es-caracteristicas-y-ejemplos\/\" >Art d\u00e9co en arquitectura: qu\u00e9 es, caracter\u00edsticas y ejemplos (6 March, 2025)<\/a><\/li><li><a href=\"https:\/\/www.co-arquitectos.com\/en\/los-mejores-lugares-que-todo-turista-deberia-visitar\/\" >Los mejores lugares que todo turista deber\u00eda visitar (18 March, 2025)<\/a><\/li><li><a href=\"https:\/\/www.co-arquitectos.com\/en\/arquitectura-biofilica\/\" >Arquitectura Biof\u00edlica: Dise\u00f1ando espacios que conectan con la naturaleza (19 March, 2025)<\/a><\/li><li><a href=\"https:\/\/www.co-arquitectos.com\/en\/arquitectura-de-barcelona\/\" >Arquitectura de Barcelona: historia y edificios clave (21 March, 2025)<\/a><\/li><li><a href=\"https:\/\/www.co-arquitectos.com\/en\/arquitectura-mesopotamica-caracteristicas-y-ejemplos\/\" >Arquitectura Mesopot\u00e1mica: caracter\u00edsticas y ejemplos (15 April, 2025)<\/a><\/li><li><a href=\"https:\/\/www.co-arquitectos.com\/en\/arquitectura-racionalista-caracteristicas-y-ejemplos\/\" >Arquitectura racionalista\u200b: caracter\u00edsticas y ejemplos (29 April, 2025)<\/a><\/li><li><a href=\"https:\/\/www.co-arquitectos.com\/en\/cambio-uso-local-a-vivienda\/\" >Cambio de uso de local a vivienda: requisitos, beneficios (13 May, 2025)<\/a><\/li><li><a href=\"https:\/\/www.co-arquitectos.com\/en\/que-hace-un-arquitecto-y-por-que-contratar-uno\/\" >Qu\u00e9 hace un arquitecto y por qu\u00e9 contratar uno (16 May, 2025)<\/a><\/li><li><a href=\"https:\/\/www.co-arquitectos.com\/en\/cuanto-cuesta-construir-una-casa-de-200m2-en-espana\/\" >\u00bfCu\u00e1nto cuesta construir una casa de 200m2 en Espa\u00f1a? (29 May, 2025)<\/a><\/li><li><a href=\"https:\/\/www.co-arquitectos.com\/en\/dinteles-que-son-funcion-y-tipos\/\" >Dinteles: qu\u00e9 son, funci\u00f3n y tipos (4 June, 2025)<\/a><\/li><li><a href=\"https:\/\/www.co-arquitectos.com\/en\/que-es-una-jamba-de-una-puerta\/\" >\u00bfQu\u00e9 es una jamba de una puerta? (20 June, 2025)<\/a><\/li><li><a href=\"https:\/\/www.co-arquitectos.com\/en\/todas-las-partes-de-una-puerta-nombres-y-funciones\/\" >Todas las partes de una puerta: nombres y funciones (8 July, 2025)<\/a><\/li><li><a href=\"https:\/\/www.co-arquitectos.com\/en\/a-que-altura-se-cuelgan-los-muebles-de-cocina\/\" >\u00bfA qu\u00e9 altura se cuelgan los muebles de cocina\u200b? (14 July, 2025)<\/a><\/li><li><a href=\"https:\/\/www.co-arquitectos.com\/en\/columnas-doricas-jonicas-y-corintias\/\" >Columnas d\u00f3ricas, j\u00f3nicas y corintias (7 August, 2025)<\/a><\/li><li><a href=\"https:\/\/www.co-arquitectos.com\/en\/que-es-un-friso-en-arquitectura\/\" >\u00bfQu\u00e9 es un friso en arquitectura? (8 August, 2025)<\/a><\/li><li><a href=\"https:\/\/www.co-arquitectos.com\/en\/cocinas-abiertas-al-salon-ventajas-consejos-y-ejemplos\/\" >Cocinas abiertas al sal\u00f3n: ventajas, consejos y ejemplos (11 September, 2025)<\/a><\/li><li><a href=\"https:\/\/www.co-arquitectos.com\/en\/numero-aureo-concepto-y-aplicaciones-en-arquitectura\/\" >N\u00famero \u00c1ureo: concepto y aplicaciones en arquitectura (25 September, 2025)<\/a><\/li><li><a href=\"https:\/\/www.co-arquitectos.com\/en\/arquitectura-historicista-que-es-caracteristicas-y-ejemplos\/\" >Arquitectura historicista: qu\u00e9 es, caracter\u00edsticas y ejemplos (21 October, 2025)<\/a><\/li><li><a href=\"https:\/\/www.co-arquitectos.com\/en\/cuanto-dura-una-licencia-de-obra\/\" >\u00bfCu\u00e1nto dura una licencia de obra? (31 October, 2025)<\/a><\/li><li><a href=\"https:\/\/www.co-arquitectos.com\/en\/me-puede-pedir-un-vecino-mi-licencia-de-obra\/\" >\u00bfMe puede pedir un vecino mi licencia de obra? (21 November, 2025)<\/a><\/li><li><a href=\"https:\/\/www.co-arquitectos.com\/en\/arquitectura-industrial-que-es-caracteristicas-y-ejemplos\/\" >Arquitectura industrial: qu\u00e9 es, caracter\u00edsticas y ejemplos (28 November, 2025)<\/a><\/li><li><a href=\"https:\/\/www.co-arquitectos.com\/en\/que-es-una-via-urbana\/\" >\u00bfQu\u00e9 es una v\u00eda urbana? (15 December, 2025)<\/a><\/li><li><a href=\"https:\/\/www.co-arquitectos.com\/en\/roma-y-su-arquitectura\/\" >Roma y su arquitectura (19 December, 2025)<\/a><\/li><li><a href=\"https:\/\/www.co-arquitectos.com\/en\/arquitectura-paisajista-que-es-funcion-y-ejemplos\/\" >Arquitectura paisajista: qu\u00e9 es, funci\u00f3n y ejemplos (16 January, 2026)<\/a><\/li><li><a href=\"https:\/\/www.co-arquitectos.com\/en\/columna-en-arquitectura-tipos-partes-y-caracteristicas\/\" >Columna en arquitectura: tipos, partes y caracter\u00edsticas (29 January, 2026)<\/a><\/li><li><a href=\"https:\/\/www.co-arquitectos.com\/en\/puente-de-maracaibo-el-puente-general-rafael-urdaneta\/\" >Puente de Maracaibo, el Puente General Rafael Urdaneta (18 February, 2026)<\/a><\/li><li><a href=\"https:\/\/www.co-arquitectos.com\/en\/a-que-hora-se-puede-empezar-una-obra\/\" >\u00bfA qu\u00e9 hora se puede empezar una obra? (27 February, 2026)<\/a><\/li><li><a href=\"https:\/\/www.co-arquitectos.com\/en\/arquitectura-barroca-que-es-donde-nacio-y-caracteristicas\/\" >Arquitectura Barroca: qu\u00e9 es, d\u00f3nde naci\u00f3 y caracter\u00edsticas (24 March, 2026)<\/a><\/li><li><a href=\"https:\/\/www.co-arquitectos.com\/en\/arquitectura-textil-que-es-tipos-y-ejemplos\/\" >Arquitectura textil: qu\u00e9 es, tipos y ejemplos (31 March, 2026)<\/a><\/li><li><a href=\"https:\/\/www.co-arquitectos.com\/en\/arquitectura-eclectica-caracteristicas-y-ejemplos\/\" >Arquitectura ecl\u00e9ctica: caracter\u00edsticas y ejemplos (16 April, 2026)<\/a><\/li><li><a href=\"https:\/\/www.co-arquitectos.com\/en\/arquitectura-deconstructivista-caracteristicas-y-ejemplos\/\" >Arquitectura deconstructivista: caracter\u00edsticas y ejemplos (29 April, 2026)<\/a><\/li><\/ul><\/div><br \/><div class=\"aioseo-html-page-sitemap\"><h4>Pages<\/h4><ul><li><a href=\"https:\/\/www.co-arquitectos.com\/en\/servicios\/\" >Servicios (3 January, 2017)<\/a><ul><li><a href=\"https:\/\/www.co-arquitectos.com\/en\/servicios\/diseno-interiores-granada\/\" >Dise\u00f1o de Interiores Granada (7 September, 2023)<\/a><\/li><li><a href=\"https:\/\/www.co-arquitectos.com\/en\/servicios\/reformas-granada\/\" >Reformas Granada (30 January, 2024)<\/a><\/li><\/ul><\/li><li><a href=\"https:\/\/www.co-arquitectos.com\/en\/estudio-arquitectura-granada\/\" >El Estudio (3 January, 2017)<\/a><\/li><li><a href=\"https:\/\/www.co-arquitectos.com\/en\/contacto\/\" >Contacto (3 January, 2017)<\/a><\/li><li><a href=\"https:\/\/www.co-arquitectos.com\/en\/blog\/\" >Blog (3 February, 2017)<\/a><\/li><li><a href=\"https:\/\/www.co-arquitectos.com\/en\/\" >Arquitectos (10 March, 2017)<\/a><\/li><li><a href=\"https:\/\/www.co-arquitectos.com\/en\/proyectos\/\" >Proyectos (13 March, 2017)<\/a><\/li><li><a href=\"https:\/\/www.co-arquitectos.com\/en\/mapa-del-sitio\/\" >Mapa del sitio (7 May, 2023)<\/a><\/li><li><a href=\"https:\/\/www.co-arquitectos.com\/en\/estudio-de-arquitectura-jaen\/\" >Estudio de Arquitectura Ja\u00e9n (27 September, 2024)<\/a><\/li><\/ul><\/div><br \/><div class=\"aioseo-html-projects-sitemap\"><h4>Projects<\/h4><ul><li><a href=\"https:\/\/www.co-arquitectos.com\/en\/projects-item\/rehabilitacion-interior-hotel-los-girasoles-granada\/\" >Rehabilitaci\u00f3n interior Hotel Los Girasoles, Granada (7 November, 2004)<\/a><\/li><li><a href=\"https:\/\/www.co-arquitectos.com\/en\/projects-item\/despacho-profesional-de-oficinas-hispacolex\/\" >Despacho Profesional de Oficinas, Hispacolex (9 August, 2009)<\/a><\/li><li><a href=\"https:\/\/www.co-arquitectos.com\/en\/projects-item\/guarderia\/\" >Guarder\u00eda (9 August, 2010)<\/a><\/li><li><a href=\"https:\/\/www.co-arquitectos.com\/en\/projects-item\/reforma-de-vivienda\/\" >Reforma de vivienda (9 August, 2010)<\/a><\/li><li><a href=\"https:\/\/www.co-arquitectos.com\/en\/projects-item\/proyecto-de-parada-de-autobus-qatar\/\" >Proyecto de Parada de Autobus (12 July, 2013)<\/a><\/li><li><a href=\"https:\/\/www.co-arquitectos.com\/en\/projects-item\/proyecto-de-supermercado-cadiar\/\" >Proyecto de Supermercado (25 August, 2013)<\/a><\/li><li><a href=\"https:\/\/www.co-arquitectos.com\/en\/projects-item\/proyecto-de-farmacia\/\" >Farmacia (28 August, 2013)<\/a><\/li><li><a href=\"https:\/\/www.co-arquitectos.com\/en\/projects-item\/rehabilitacion-basilica-san-juan-de-dios\/\" >Restauraci\u00f3n Bas\u00edlica San Juan de Dios (7 December, 2013)<\/a><\/li><li><a href=\"https:\/\/www.co-arquitectos.com\/en\/projects-item\/reforma-de-portal\/\" >Reforma de Portal (8 August, 2014)<\/a><\/li><li><a href=\"https:\/\/www.co-arquitectos.com\/en\/projects-item\/hotel-fontecruz-granada\/\" >Hotel Fontecruz, Granada (5 November, 2014)<\/a><\/li><li><a href=\"https:\/\/www.co-arquitectos.com\/en\/projects-item\/academia-de-idiomas\/\" >Academia de idiomas (27 June, 2015)<\/a><\/li><li><a href=\"https:\/\/www.co-arquitectos.com\/en\/projects-item\/cfi-reina-isabel\/\" >Centro de Formaci\u00f3n Reina Isabel (17 January, 2016)<\/a><\/li><li><a href=\"https:\/\/www.co-arquitectos.com\/en\/projects-item\/rehabilitacion-antiguo-palacete-en-orce-granada\/\" >Rehabilitaci\u00f3n Antiguo Palacete (27 July, 2016)<\/a><\/li><li><a href=\"https:\/\/www.co-arquitectos.com\/en\/projects-item\/reforma-de-edificio-completo\/\" >Reforma de Edificio Completo (9 August, 2017)<\/a><\/li><li><a href=\"https:\/\/www.co-arquitectos.com\/en\/projects-item\/reforma-vivienda-en-el-centro-granada\/\" >Reforma vivienda en el centro Granada (22 June, 2018)<\/a><\/li><li><a href=\"https:\/\/www.co-arquitectos.com\/en\/projects-item\/reforma-vivienda-en-el-centro-granada-2\/\" >Reforma de vivienda en Granada (31 October, 2018)<\/a><\/li><li><a href=\"https:\/\/www.co-arquitectos.com\/en\/projects-item\/adecuacion-de-local-a-pub-cafeteria\/\" >Adecuaci\u00f3n de local a PUB-CAFETER\u00cdA (31 October, 2018)<\/a><\/li><li><a href=\"https:\/\/www.co-arquitectos.com\/en\/projects-item\/rehabilitacion-de-un-granero-en-orce\/\" >Rehabilitacio\u0301n de un granero en Orce (8 May, 2020)<\/a><\/li><li><a href=\"https:\/\/www.co-arquitectos.com\/en\/projects-item\/rehabilitacion-de-la-residencia-el-refugio\/\" >Rehabilitacio\u0301n de la Residencia El Refugio (11 May, 2020)<\/a><\/li><li><a href=\"https:\/\/www.co-arquitectos.com\/en\/projects-item\/reforma-de-cocina\/\" >Reforma de cocina (19 May, 2020)<\/a><\/li><li><a href=\"https:\/\/www.co-arquitectos.com\/en\/projects-item\/reforma-de-vivienda-en-granada\/\" >Reforma de vivienda (19 May, 2020)<\/a><\/li><li><a href=\"https:\/\/www.co-arquitectos.com\/en\/projects-item\/reforma-de-6-apartamentos-en-granada\/\" >Reforma de seis apartamentos Camino de Ronda (16 September, 2020)<\/a><\/li><li><a href=\"https:\/\/www.co-arquitectos.com\/en\/projects-item\/reforma-portal\/\" >Reforma Portal (16 September, 2020)<\/a><\/li><li><a href=\"https:\/\/www.co-arquitectos.com\/en\/projects-item\/vivienda-unifamiliar-en-atarfe\/\" >Vivienda unifamiliar en Atarfe (16 September, 2020)<\/a><\/li><li><a href=\"https:\/\/www.co-arquitectos.com\/en\/projects-item\/reforma-interior-de-vivienda-en-granada\/\" >Reforma interior de vivienda en Plaza Einstein (16 September, 2020)<\/a><\/li><li><a href=\"https:\/\/www.co-arquitectos.com\/en\/projects-item\/reforma-integral-de-planta-de-edificio-en-plaza-trinidad\/\" >Reforma integral de planta de edificio en Plaza Trinidad (9 May, 2023)<\/a><\/li><li><a href=\"https:\/\/www.co-arquitectos.com\/en\/projects-item\/rehabilitacion-de-edificio-de-vivienda-en-c-jarreria\/\" >Rehabilitaci\u00f3n de edificio de viviendas en C\/Jarrer\u00eda (9 May, 2023)<\/a><\/li><li><a href=\"https:\/\/www.co-arquitectos.com\/en\/projects-item\/rehabilitacion-de-edificio-de-viviendas-en-c-san-jose-baja\/\" >Rehabilitaci\u00f3n de edificio de viviendas en C\/San Jos\u00e9 Baja (9 May, 2023)<\/a><\/li><li><a href=\"https:\/\/www.co-arquitectos.com\/en\/projects-item\/reforma-de-piso-en-la-chana\/\" >Reforma de piso en la Chana (9 May, 2023)<\/a><\/li><li><a href=\"https:\/\/www.co-arquitectos.com\/en\/projects-item\/vivienda-unifamiliar-en-loma-verde\/\" >Vivienda Unifamiliar en Loma Verde (9 May, 2023)<\/a><\/li><li><a href=\"https:\/\/www.co-arquitectos.com\/en\/projects-item\/reforma-integral-de-oficinas\/\" >Reforma integral de oficinas (9 May, 2023)<\/a><\/li><li><a href=\"https:\/\/www.co-arquitectos.com\/en\/projects-item\/vivienda-unifamiliar-en-benahavis\/\" >Vivienda Unifamiliar en Benahav\u00eds (9 May, 2023)<\/a><\/li><li><a href=\"https:\/\/www.co-arquitectos.com\/en\/projects-item\/vivienda-unifamiliar-en-jaen\/\" >Vivienda Unifamiliar en Ja\u00e9n (9 May, 2023)<\/a><\/li><li><a href=\"https:\/\/www.co-arquitectos.com\/en\/projects-item\/vivienda-unifamiliar-en-la-zubia\/\" >Vivienda Unifamiliar en La Zubia (9 May, 2023)<\/a><\/li><li><a href=\"https:\/\/www.co-arquitectos.com\/en\/projects-item\/reforma-integral-de-edificio-en-c-mano-de-hierro\/\" >Reforma integral de edificio en C\/Mano de Hierro (9 May, 2023)<\/a><\/li><li><a href=\"https:\/\/www.co-arquitectos.com\/en\/projects-item\/vivienda-unifamiliar-en-la-guardia-de-jaen\/\" >Vivienda Unifamiliar en La Guardia de Ja\u00e9n (9 May, 2023)<\/a><\/li><li><a href=\"https:\/\/www.co-arquitectos.com\/en\/projects-item\/centro-residencial-de-mayores-en-pulianas-2\/\" >Centro Residencial de Mayores en Pulianas (10 May, 2023)<\/a><\/li><li><a href=\"https:\/\/www.co-arquitectos.com\/en\/projects-item\/reforma-de-piso-en-la-herradura-2\/\" >Reforma de piso en La Herradura (10 May, 2023)<\/a><\/li><li><a href=\"https:\/\/www.co-arquitectos.com\/en\/projects-item\/rehabilitacion-de-edificio-en-c-alhondiga-2\/\" >Rehabilitaci\u00f3n de edificio en C\/Alh\u00f3ndiga (10 May, 2023)<\/a><\/li><li><a href=\"https:\/\/www.co-arquitectos.com\/en\/projects-item\/centro-residencial-de-mayores-en-huetor-tajar-2\/\" >Centro Residencial de Mayores en Hu\u00e9tor T\u00e1jar (10 May, 2023)<\/a><\/li><li><a href=\"https:\/\/www.co-arquitectos.com\/en\/projects-item\/clinica-fisioterapia-olimpia\/\" >Clinica Fisioterapia Olimpia (14 May, 2025)<\/a><\/li><li><a href=\"https:\/\/www.co-arquitectos.com\/en\/projects-item\/reforma-de-piso-en-buenos-aires\/\" >Reforma de piso en Calle Buenos Aires (14 May, 2025)<\/a><\/li><li><a href=\"https:\/\/www.co-arquitectos.com\/en\/projects-item\/reforma-de-piso-en-calle-elvira\/\" >Reforma de piso en Calle Elvira (4 May, 2026)<\/a><\/li><li><a href=\"https:\/\/www.co-arquitectos.com\/en\/projects-item\/reforma-de-portal-en-calle-pedro-antonio\/\" >Reforma de portal en calle Pedro Antonio de Alarc\u00f3n (4 May, 2026)<\/a><\/li><\/ul><\/div><br \/><\/div>","protected":false},"excerpt":{"rendered":".aioseo-html-sitemap.labels-hidden ul { margin: 0; }Posts\u00bfQu\u00e9 son las placas Fotovolt\u00e1icas? Todo lo que necesitas saber (26 September, 2022)Reformas en Granada","protected":false},"author":1,"featured_media":0,"parent":0,"menu_order":0,"comment_status":"closed","ping_status":"closed","template":"","meta":{"om_disable_all_campaigns":false,"_monsterinsights_skip_tracking":false,"_monsterinsights_sitenote_active":false,"_monsterinsights_sitenote_note":"","_monsterinsights_sitenote_category":0,"footnotes":""},"class_list":["post-3834","page","type-page","status-publish","hentry"],"aioseo_notices":[],"_links":{"self":[{"href":"https:\/\/www.co-arquitectos.com\/en\/wp-json\/wp\/v2\/pages\/3834","targetHints":{"allow":["GET"]}}],"collection":[{"href":"https:\/\/www.co-arquitectos.com\/en\/wp-json\/wp\/v2\/pages"}],"about":[{"href":"https:\/\/www.co-arquitectos.com\/en\/wp-json\/wp\/v2\/types\/page"}],"author":[{"embeddable":true,"href":"https:\/\/www.co-arquitectos.com\/en\/wp-json\/wp\/v2\/users\/1"}],"replies":[{"embeddable":true,"href":"https:\/\/www.co-arquitectos.com\/en\/wp-json\/wp\/v2\/comments?post=3834"}],"version-history":[{"count":2,"href":"https:\/\/www.co-arquitectos.com\/en\/wp-json\/wp\/v2\/pages\/3834\/revisions"}],"predecessor-version":[{"id":3836,"href":"https:\/\/www.co-arquitectos.com\/en\/wp-json\/wp\/v2\/pages\/3834\/revisions\/3836"}],"wp:attachment":[{"href":"https:\/\/www.co-arquitectos.com\/en\/wp-json\/wp\/v2\/media?parent=3834"}],"curies":[{"name":"wp","href":"https:\/\/api.w.org\/{rel}","templated":true}]}}