{"id":4234,"date":"2023-09-07T05:37:38","date_gmt":"2023-09-07T05:37:38","guid":{"rendered":"https:\/\/www.co-arquitectos.com\/?page_id=4234"},"modified":"2023-09-07T05:39:25","modified_gmt":"2023-09-07T05:39:25","slug":"diseno-interiores-granada","status":"publish","type":"page","link":"https:\/\/www.co-arquitectos.com\/en\/servicios\/diseno-interiores-granada\/","title":{"rendered":"Interior Design Granada"},"content":{"rendered":"<div data-vc-full-width=\"true\" data-vc-full-width-init=\"false\" data-vc-stretch-content=\"true\" class=\"vc_row wpb_row vc_row-fluid vc_row-no-padding\"><div class=\"wpb_column vc_column_container vc_col-sm-12 \"><div class=\"vc_column-inner \"><div class=\"wpb_wrapper\">[vc_banner_title color_style=\u00bblight\u00bb heading_size=\u00bbh2&#8243; subtitle=\u00bbCO Arquitectos\u00bb title=\u00bbHacemos<br \/>\nDise\u00f1amos<br \/>\nCreamos\u00bb img=\u00bb4005&#8243; enable_overlay=\u00bbtrue\u00bb enable_fullheight=\u00bbtrue\u00bb columns=\u00bb%5B%7B%7D%5D\u00bb]<\/p>\n<div class=\"subtitle\">\n<h1>Dise\u00f1o de Interiores Granada<\/h1>\n<\/div>\n<p>[\/vc_banner_title]<\/div><\/div><\/div><\/div><div class=\"vc_row-full-width vc_clearfix\"><\/div><div class=\"vc_row wpb_row vc_row-fluid\"><div class=\"wpb_column vc_column_container vc_col-sm-12 \"><div class=\"vc_column-inner \"><div class=\"wpb_wrapper\"><div class=\"vc_empty_space\"   style=\"height: 62px\" ><span class=\"vc_empty_space_inner\"><\/span><\/div>\n\n\t<div class=\"wpb_text_column wpb_content_element \" >\n\t\t<div class=\"wpb_wrapper\">\n\t\t\t<p>Si buscas darle una nueva vida a tu hogar, oficina o espacio comercial en la maravillosa ciudad de\u00a0<em>Granada<\/em>, el\u00a0<strong>dise\u00f1o de interiores<\/strong>\u00a0puede ser la clave para convertir tus sue\u00f1os en realidad. En\u00a0<em>CO Arquitectos<\/em>, nos enorgullecemos de ofrecer servicios de\u00a0<em>dise\u00f1o de interiores personalizados<\/em>\u00a0y profesionales que se adaptan a tus necesidades y gustos, creando ambientes\u00a0<em>\u00fanicos<\/em>\u00a0y funcionales que te enamorar\u00e1n.<\/p>\n\n\t\t<\/div>\n\t<\/div>\n<div class=\"vc_empty_space\"   style=\"height: 62px\" ><span class=\"vc_empty_space_inner\"><\/span><\/div>\n<div class=\"vc-zigzag-wrapper vc-zigzag-align-center\" >\n\t<div class=\"vc-zigzag-inner\"\n\t\t\tstyle=\"width: 30%;min-height: 10px;background: 0 repeat-x url(&#039;data:image\/svg+xml;utf-8,%3C%3Fxml%20version%3D%221.0%22%20encoding%3D%22utf-8%22%3F%3E%3C%21DOCTYPE%20svg%20PUBLIC%20%22-%2F%2FW3C%2F%2FDTD%20SVG%201.1%2F%2FEN%22%20%22http%3A%2F%2Fwww.w3.org%2FGraphics%2FSVG%2F1.1%2FDTD%2Fsvg11.dtd%22%3E%3Csvg%20width%3D%2210px%22%20height%3D%228px%22%20viewBox%3D%220%200%2018%2015%22%20version%3D%221.1%22%20xmlns%3D%22http%3A%2F%2Fwww.w3.org%2F2000%2Fsvg%22%20xmlns%3Axlink%3D%22http%3A%2F%2Fwww.w3.org%2F1999%2Fxlink%22%3E%3Cpolygon%20id%3D%22Combined-Shape%22%20fill%3D%22%23ebebeb%22%20points%3D%228.98762301%200%200%209.12771969%200%2014.519983%209%205.40479869%2018%2014.519983%2018%209.12771969%22%3E%3C%2Fpolygon%3E%3C%2Fsvg%3E&#039;);\">\n\t<\/div>\n<\/div>\n<\/div><\/div><\/div><\/div><div class=\"vc_row wpb_row vc_row-fluid\"><div class=\"wpb_column vc_column_container vc_col-sm-6 \"><div class=\"vc_column-inner \"><div class=\"wpb_wrapper\">[vc_headings title=\u00bbPor qu\u00e9 el Dise\u00f1o de Interiores Importa\u00bb]El <strong>dise\u00f1o de interiores<\/strong> va m\u00e1s all\u00e1 de la simple est\u00e9tica; es una disciplina que considera la funcionalidad, la ergonom\u00eda y la psicolog\u00eda del espacio. Nuestro equipo de <em>dise\u00f1adores de interiores en Granada<\/em> comprende la importancia de cada detalle y c\u00f3mo afecta a la experiencia del usuario en el espacio. Ya sea que desees una atm\u00f3sfera acogedora y c\u00e1lida para tu hogar o un ambiente moderno y estimulante para tu negocio, <em>estamos preparados para hacerlo realidad<\/em>.<\/p>\n<h2>Creatividad y Personalizaci\u00f3n<\/h2>\n<p>En <em>CO Arquitectos<\/em>, creemos en la creatividad y la originalidad en cada proyecto de <em>dise\u00f1o de interiores<\/em>. No seguimos f\u00f3rmulas preestablecidas, sino que trabajamos estrechamente contigo para entender tus gustos, preferencias y necesidades. Nuestro enfoque personalizado nos permite crear <strong>dise\u00f1os \u00fanicos<\/strong> que reflejen tu personalidad y estilo.[\/vc_headings]<\/div><\/div><\/div><div class=\"wpb_column vc_column_container vc_col-sm-6 \"><div class=\"vc_column-inner \"><div class=\"wpb_wrapper\"><div class=\"vc_empty_space\"   style=\"height: 95px\" ><span class=\"vc_empty_space_inner\"><\/span><\/div>\n\n\t<div  class=\"wpb_single_image wpb_content_element vc_align_center\">\n\t\t\n\t\t<figure class=\"wpb_wrapper vc_figure\">\n\t\t\t<div class=\"vc_single_image-wrapper   vc_box_border_grey\"><img loading=\"lazy\" decoding=\"async\" width=\"768\" height=\"1024\" src=\"data:image\/gif;base64,R0lGODlhAQABAAAAACw=\" class=\"vc_single_image-img attachment-large\" alt=\"\" data-lazy-src=\"https:\/\/www.co-arquitectos.com\/wp-content\/uploads\/2020\/05\/2-4-768x1024.jpeg\" \/><\/div>\n\t\t<\/figure>\n\t<\/div>\n<\/div><\/div><\/div><\/div><div class=\"vc_row wpb_row vc_row-fluid\"><div class=\"wpb_column vc_column_container vc_col-sm-12 \"><div class=\"vc_column-inner \"><div class=\"wpb_wrapper\"><div class=\"vc_empty_space\"   style=\"height: 82px\" ><span class=\"vc_empty_space_inner\"><\/span><\/div>\n<div class=\"vc-zigzag-wrapper vc-zigzag-align-center\" >\n\t<div class=\"vc-zigzag-inner\"\n\t\t\tstyle=\"width: 30%;min-height: 10px;background: 0 repeat-x url(&#039;data:image\/svg+xml;utf-8,%3C%3Fxml%20version%3D%221.0%22%20encoding%3D%22utf-8%22%3F%3E%3C%21DOCTYPE%20svg%20PUBLIC%20%22-%2F%2FW3C%2F%2FDTD%20SVG%201.1%2F%2FEN%22%20%22http%3A%2F%2Fwww.w3.org%2FGraphics%2FSVG%2F1.1%2FDTD%2Fsvg11.dtd%22%3E%3Csvg%20width%3D%2210px%22%20height%3D%228px%22%20viewBox%3D%220%200%2018%2015%22%20version%3D%221.1%22%20xmlns%3D%22http%3A%2F%2Fwww.w3.org%2F2000%2Fsvg%22%20xmlns%3Axlink%3D%22http%3A%2F%2Fwww.w3.org%2F1999%2Fxlink%22%3E%3Cpolygon%20id%3D%22Combined-Shape%22%20fill%3D%22%23ebebeb%22%20points%3D%228.98762301%200%200%209.12771969%200%2014.519983%209%205.40479869%2018%2014.519983%2018%209.12771969%22%3E%3C%2Fpolygon%3E%3C%2Fsvg%3E&#039;);\">\n\t<\/div>\n<\/div>\n<\/div><\/div><\/div><\/div><div class=\"vc_row wpb_row vc_row-fluid\"><div class=\"wpb_column vc_column_container vc_col-sm-6 \"><div class=\"vc_column-inner \"><div class=\"wpb_wrapper\"><div class=\"vc_empty_space\"   style=\"height: 85px\" ><span class=\"vc_empty_space_inner\"><\/span><\/div>\n\n\t<div  class=\"wpb_single_image wpb_content_element vc_align_center\">\n\t\t\n\t\t<figure class=\"wpb_wrapper vc_figure\">\n\t\t\t<div class=\"vc_single_image-wrapper   vc_box_border_grey\"><img loading=\"lazy\" decoding=\"async\" width=\"820\" height=\"560\" src=\"data:image\/gif;base64,R0lGODlhAQABAAAAACw=\" class=\"vc_single_image-img attachment-large\" alt=\"\" data-lazy-src=\"https:\/\/www.co-arquitectos.com\/wp-content\/uploads\/2018\/11\/hotel-los-girasoles-granada-047-1.jpg\" \/><\/div>\n\t\t<\/figure>\n\t<\/div>\n<\/div><\/div><\/div><div class=\"wpb_column vc_column_container vc_col-sm-6 \"><div class=\"vc_column-inner \"><div class=\"wpb_wrapper\">[vc_headings title=\u00bbProceso de Trabajo\u00bb]Nuestro proceso de <strong>dise\u00f1o de interiores en Granada<\/strong> se basa en la <em>comunicaci\u00f3n abierta<\/em> y la colaboraci\u00f3n. Comenzamos con una <em>reuni\u00f3n inicial<\/em> para conocerte y comprender tus objetivos y requisitos. A partir de ah\u00ed, nuestro equipo se embarca en la <em>planificaci\u00f3n y el dise\u00f1o<\/em>, utilizando <em>herramientas avanzadas<\/em> para presentarte representaciones visuales de c\u00f3mo se ver\u00e1 el espacio terminado.<\/p>\n<h2>Selecci\u00f3n de Materiales y Mobiliario<\/h2>\n<p>En <em>CO Arquitectos<\/em>, trabajamos con los <em>mejores proveedores y marcas<\/em> para garantizar la calidad de los materiales y el mobiliario utilizados en tus proyectos de dise\u00f1o de interiores. Nos enfocamos en aspectos como la durabilidad, la sostenibilidad y el estilo para asegurarnos de que cada elemento contribuya al conjunto general.[\/vc_headings]<\/div><\/div><\/div><\/div><div class=\"vc_row wpb_row vc_row-fluid\"><div class=\"wpb_column vc_column_container vc_col-sm-12 \"><div class=\"vc_column-inner \"><div class=\"wpb_wrapper\">\n\t<div class=\"wpb_text_column wpb_content_element \" >\n\t\t<div class=\"wpb_wrapper\">\n\t\t\t<h2>Gesti\u00f3n Integral del Proyecto<\/h2>\n<p>Nos encargamos de cada fase del proyecto de <em>dise\u00f1o de interiores<\/em>, desde la planificaci\u00f3n y el dise\u00f1o hasta la ejecuci\u00f3n y la instalaci\u00f3n. Nuestro objetivo es que disfrutes del proceso sin preocupaciones y que veas c\u00f3mo tus ideas toman forma gradualmente.<\/p>\n<h2>Experiencia y Resultados Satisfactorios<\/h2>\n<p>Con a\u00f1os de experiencia en el campo del <strong>dise\u00f1o de interiores en Granada<\/strong>, hemos completado con \u00e9xito numerosos proyectos que han dejado a nuestros clientes satisfechos y felices. Nuestra pasi\u00f3n por el dise\u00f1o y la dedicaci\u00f3n a nuestro trabajo son evidentes en cada espacio que transformamos.<\/p>\n\n\t\t<\/div>\n\t<\/div>\n<\/div><\/div><\/div><\/div><div class=\"vc_row wpb_row vc_row-fluid\"><div class=\"wpb_column vc_column_container vc_col-sm-12 \"><div class=\"vc_column-inner \"><div class=\"wpb_wrapper\"><div class=\"vc_empty_space\"   style=\"height: 62px\" ><span class=\"vc_empty_space_inner\"><\/span><\/div>\n<div class=\"vc-zigzag-wrapper vc-zigzag-align-center\" >\n\t<div class=\"vc-zigzag-inner\"\n\t\t\tstyle=\"width: 30%;min-height: 10px;background: 0 repeat-x url(&#039;data:image\/svg+xml;utf-8,%3C%3Fxml%20version%3D%221.0%22%20encoding%3D%22utf-8%22%3F%3E%3C%21DOCTYPE%20svg%20PUBLIC%20%22-%2F%2FW3C%2F%2FDTD%20SVG%201.1%2F%2FEN%22%20%22http%3A%2F%2Fwww.w3.org%2FGraphics%2FSVG%2F1.1%2FDTD%2Fsvg11.dtd%22%3E%3Csvg%20width%3D%2210px%22%20height%3D%228px%22%20viewBox%3D%220%200%2018%2015%22%20version%3D%221.1%22%20xmlns%3D%22http%3A%2F%2Fwww.w3.org%2F2000%2Fsvg%22%20xmlns%3Axlink%3D%22http%3A%2F%2Fwww.w3.org%2F1999%2Fxlink%22%3E%3Cpolygon%20id%3D%22Combined-Shape%22%20fill%3D%22%23ebebeb%22%20points%3D%228.98762301%200%200%209.12771969%200%2014.519983%209%205.40479869%2018%2014.519983%2018%209.12771969%22%3E%3C%2Fpolygon%3E%3C%2Fsvg%3E&#039;);\">\n\t<\/div>\n<\/div>\n<div class=\"vc_empty_space\"   style=\"height: 62px\" ><span class=\"vc_empty_space_inner\"><\/span><\/div>\n\n\t<div class=\"wpb_text_column wpb_content_element \" >\n\t\t<div class=\"wpb_wrapper\">\n\t\t\t<p>Si est\u00e1s buscando llevar tu hogar u oficina al siguiente nivel en Granada, el dise\u00f1o de interiores es el camino a seguir. En CO Arquitectos, combinamos nuestra experiencia, creatividad y compromiso para crear espacios inspiradores que te dejar\u00e1n maravillado. Ponte en contacto con nosotros para comenzar a dar vida a tus ideas y convertir tu espacio en un sue\u00f1o realizado.<\/p>\n\n\t\t<\/div>\n\t<\/div>\n<div class=\"vc_empty_space\"   style=\"height: 62px\" ><span class=\"vc_empty_space_inner\"><\/span><\/div>\n<div class=\"vc_btn3-container vc_btn3-center\" >\n\t<a class=\"vc_general vc_btn3 vc_btn3-size-lg vc_btn3-shape-rounded vc_btn3-style-3d vc_btn3-icon-left vc_btn3-color-grey\" href=\"https:\/\/www.co-arquitectos.com\/contacto\/\" title=\"Contacto\"><i class=\"vc_btn3-icon fa fa-envelope-open-o\"><\/i> Contacta con Nosotros<\/a><\/div>\n<div class=\"vc_empty_space\"   style=\"height: 62px\" ><span class=\"vc_empty_space_inner\"><\/span><\/div>\n<\/div><\/div><\/div><\/div>\n","protected":false},"excerpt":{"rendered":"[vc_banner_title color_style=\"light\" heading_size=\"h2\" subtitle=\"CO Arquitectos\" title=\"Hacemos Dise\u00f1amos Creamos\" img=\"4005\" enable_overlay=\"true\" enable_fullheight=\"true\" columns=\"%5B%7B%7D%5D\"] Dise\u00f1o de Interiores Granada [\/vc_banner_title] Si buscas darle","protected":false},"author":1,"featured_media":0,"parent":100,"menu_order":0,"comment_status":"closed","ping_status":"closed","template":"","meta":{"om_disable_all_campaigns":false,"_monsterinsights_skip_tracking":false,"_monsterinsights_sitenote_active":false,"_monsterinsights_sitenote_note":"","_monsterinsights_sitenote_category":0,"footnotes":""},"class_list":["post-4234","page","type-page","status-publish","hentry"],"aioseo_notices":[],"_links":{"self":[{"href":"https:\/\/www.co-arquitectos.com\/en\/wp-json\/wp\/v2\/pages\/4234","targetHints":{"allow":["GET"]}}],"collection":[{"href":"https:\/\/www.co-arquitectos.com\/en\/wp-json\/wp\/v2\/pages"}],"about":[{"href":"https:\/\/www.co-arquitectos.com\/en\/wp-json\/wp\/v2\/types\/page"}],"author":[{"embeddable":true,"href":"https:\/\/www.co-arquitectos.com\/en\/wp-json\/wp\/v2\/users\/1"}],"replies":[{"embeddable":true,"href":"https:\/\/www.co-arquitectos.com\/en\/wp-json\/wp\/v2\/comments?post=4234"}],"version-history":[{"count":37,"href":"https:\/\/www.co-arquitectos.com\/en\/wp-json\/wp\/v2\/pages\/4234\/revisions"}],"predecessor-version":[{"id":4446,"href":"https:\/\/www.co-arquitectos.com\/en\/wp-json\/wp\/v2\/pages\/4234\/revisions\/4446"}],"up":[{"embeddable":true,"href":"https:\/\/www.co-arquitectos.com\/en\/wp-json\/wp\/v2\/pages\/100"}],"wp:attachment":[{"href":"https:\/\/www.co-arquitectos.com\/en\/wp-json\/wp\/v2\/media?parent=4234"}],"curies":[{"name":"wp","href":"https:\/\/api.w.org\/{rel}","templated":true}]}}