{"id":4436,"date":"2024-01-30T19:27:25","date_gmt":"2024-01-30T19:27:25","guid":{"rendered":"https:\/\/www.co-arquitectos.com\/?page_id=4436"},"modified":"2024-01-30T19:47:30","modified_gmt":"2024-01-30T19:47:30","slug":"reformas-granada","status":"publish","type":"page","link":"https:\/\/www.co-arquitectos.com\/en\/servicios\/reformas-granada\/","title":{"rendered":"Granada Renovations"},"content":{"rendered":"<div data-vc-full-width=\"true\" data-vc-full-width-init=\"false\" data-vc-stretch-content=\"true\" class=\"vc_row wpb_row vc_row-fluid vc_row-no-padding\"><div class=\"wpb_column vc_column_container vc_col-sm-12 \"><div class=\"vc_column-inner \"><div class=\"wpb_wrapper\">[vc_banner_title color_style=\u00bblight\u00bb heading_size=\u00bbh2&#8243; subtitle=\u00bbCO Arquitectos\u00bb title=\u00bbHacemos<br \/>\nDise\u00f1amos<br \/>\nCreamos\u00bb img=\u00bb2733&#8243; enable_overlay=\u00bbtrue\u00bb enable_fullheight=\u00bbtrue\u00bb columns=\u00bb%5B%7B%7D%5D\u00bb]<\/p>\n<div class=\"subtitle\">\n<h1>Reformas Granada<\/h1>\n<\/div>\n<p>[\/vc_banner_title]<\/div><\/div><\/div><\/div><div class=\"vc_row-full-width vc_clearfix\"><\/div><div class=\"vc_row wpb_row vc_row-fluid\"><div class=\"wpb_column vc_column_container vc_col-sm-12 \"><div class=\"vc_column-inner \"><div class=\"wpb_wrapper\"><div class=\"vc_empty_space\"   style=\"height: 62px\" ><span class=\"vc_empty_space_inner\"><\/span><\/div>\n\n\t<div class=\"wpb_text_column wpb_content_element \" >\n\t\t<div class=\"wpb_wrapper\">\n\t\t\t<p><span class=\"TextRun SCXO247666230 BCX0\" lang=\"ES\" xml:lang=\"ES\" data-contrast=\"auto\"><span class=\"NormalTextRun SCXO247666230 BCX0\">En CO-Arquitectos somos expertos en todo tipo de <em>reformas<\/em> y proyectos de construcci\u00f3n en <em>Granada<\/em>. Ofrecemos un servicio completo y personalizado para que nuestros clientes puedan transformar sus espacios y crear el ambiente que desean.<\/span><\/span><\/p>\n\n\t\t<\/div>\n\t<\/div>\n<div class=\"vc_empty_space\"   style=\"height: 62px\" ><span class=\"vc_empty_space_inner\"><\/span><\/div>\n<div class=\"vc-zigzag-wrapper vc-zigzag-align-center\" >\n\t<div class=\"vc-zigzag-inner\"\n\t\t\tstyle=\"width: 30%;min-height: 10px;background: 0 repeat-x url(&#039;data:image\/svg+xml;utf-8,%3C%3Fxml%20version%3D%221.0%22%20encoding%3D%22utf-8%22%3F%3E%3C%21DOCTYPE%20svg%20PUBLIC%20%22-%2F%2FW3C%2F%2FDTD%20SVG%201.1%2F%2FEN%22%20%22http%3A%2F%2Fwww.w3.org%2FGraphics%2FSVG%2F1.1%2FDTD%2Fsvg11.dtd%22%3E%3Csvg%20width%3D%2210px%22%20height%3D%228px%22%20viewBox%3D%220%200%2018%2015%22%20version%3D%221.1%22%20xmlns%3D%22http%3A%2F%2Fwww.w3.org%2F2000%2Fsvg%22%20xmlns%3Axlink%3D%22http%3A%2F%2Fwww.w3.org%2F1999%2Fxlink%22%3E%3Cpolygon%20id%3D%22Combined-Shape%22%20fill%3D%22%23ebebeb%22%20points%3D%228.98762301%200%200%209.12771969%200%2014.519983%209%205.40479869%2018%2014.519983%2018%209.12771969%22%3E%3C%2Fpolygon%3E%3C%2Fsvg%3E&#039;);\">\n\t<\/div>\n<\/div>\n<\/div><\/div><\/div><\/div><div class=\"vc_row wpb_row vc_row-fluid\"><div class=\"wpb_column vc_column_container vc_col-sm-6 \"><div class=\"vc_column-inner \"><div class=\"wpb_wrapper\">[vc_headings title=\u00bb\u00bfPor qu\u00e9 elegir CO-Arquitectos para tus reformas en Granada?\u00bb]Desde la primera reuni\u00f3n hasta la entrega final, trabajamos de la mano de nuestros clientes para entender sus necesidades y ofrecer soluciones innovadoras y eficientes. Cuidamos cada detalle con esmero, obteniendo una obra de calidad que cumpla con las expectativas de nuestros clientes.<\/p>\n<h2>Nuestros servicios de reformas en Granada<\/h2>\n<p>Entre nuestros servicios de <strong>reformas en Granada<\/strong>, destacamos:<\/p>\n<p><strong>Reformas integrales de viviendas<\/strong><\/p>\n<p>Si quieres transformar por completo tu hogar, podemos ayudarte con una <em>reforma integral<\/em>. Nos encargamos de todo el proceso, desde el dise\u00f1o hasta la ejecuci\u00f3n de la obra.[\/vc_headings]<\/div><\/div><\/div><div class=\"wpb_column vc_column_container vc_col-sm-6 \"><div class=\"vc_column-inner \"><div class=\"wpb_wrapper\"><div class=\"vc_empty_space\"   style=\"height: 95px\" ><span class=\"vc_empty_space_inner\"><\/span><\/div>\n\n\t<div  class=\"wpb_single_image wpb_content_element vc_align_center\">\n\t\t\n\t\t<figure class=\"wpb_wrapper vc_figure\">\n\t\t\t<div class=\"vc_single_image-wrapper   vc_box_border_grey\"><img loading=\"lazy\" decoding=\"async\" width=\"1024\" height=\"967\" src=\"data:image\/gif;base64,R0lGODlhAQABAAAAACw=\" class=\"vc_single_image-img attachment-large\" alt=\"\" data-lazy-src=\"https:\/\/www.co-arquitectos.com\/wp-content\/uploads\/2022\/09\/Reformas-en-Granada-1024x967.jpg\" \/><\/div>\n\t\t<\/figure>\n\t<\/div>\n<\/div><\/div><\/div><\/div><div class=\"vc_row wpb_row vc_row-fluid\"><div class=\"wpb_column vc_column_container vc_col-sm-12 \"><div class=\"vc_column-inner \"><div class=\"wpb_wrapper\">\n\t<div class=\"wpb_text_column wpb_content_element \" >\n\t\t<div class=\"wpb_wrapper\">\n\t\t\t<p><strong>Reformas de cocinas y ba\u00f1os<\/strong><\/p>\n<p>Estos espacios son los que m\u00e1s utilizamos en nuestro d\u00eda a d\u00eda, por lo que es importante que sean funcionales y est\u00e9n adaptados a nuestras necesidades. En CO-Arquitectos te ofrecemos soluciones personalizadas y adaptadas a tus gustos y necesidades.<\/p>\n<p><strong>Reformas de locales comerciales<\/strong><\/p>\n<p>Si tienes un negocio y quieres renovar tu local, podemos ayudarte a crear un espacio atractivo y funcional que te permita ofrecer la mejor experiencia a tus clientes.<\/p>\n\n\t\t<\/div>\n\t<\/div>\n<\/div><\/div><\/div><\/div><div class=\"vc_row wpb_row vc_row-fluid\"><div class=\"wpb_column vc_column_container vc_col-sm-12 \"><div class=\"vc_column-inner \"><div class=\"wpb_wrapper\"><div class=\"vc_empty_space\"   style=\"height: 82px\" ><span class=\"vc_empty_space_inner\"><\/span><\/div>\n<div class=\"vc-zigzag-wrapper vc-zigzag-align-center\" >\n\t<div class=\"vc-zigzag-inner\"\n\t\t\tstyle=\"width: 30%;min-height: 10px;background: 0 repeat-x url(&#039;data:image\/svg+xml;utf-8,%3C%3Fxml%20version%3D%221.0%22%20encoding%3D%22utf-8%22%3F%3E%3C%21DOCTYPE%20svg%20PUBLIC%20%22-%2F%2FW3C%2F%2FDTD%20SVG%201.1%2F%2FEN%22%20%22http%3A%2F%2Fwww.w3.org%2FGraphics%2FSVG%2F1.1%2FDTD%2Fsvg11.dtd%22%3E%3Csvg%20width%3D%2210px%22%20height%3D%228px%22%20viewBox%3D%220%200%2018%2015%22%20version%3D%221.1%22%20xmlns%3D%22http%3A%2F%2Fwww.w3.org%2F2000%2Fsvg%22%20xmlns%3Axlink%3D%22http%3A%2F%2Fwww.w3.org%2F1999%2Fxlink%22%3E%3Cpolygon%20id%3D%22Combined-Shape%22%20fill%3D%22%23ebebeb%22%20points%3D%228.98762301%200%200%209.12771969%200%2014.519983%209%205.40479869%2018%2014.519983%2018%209.12771969%22%3E%3C%2Fpolygon%3E%3C%2Fsvg%3E&#039;);\">\n\t<\/div>\n<\/div>\n<\/div><\/div><\/div><\/div><div class=\"vc_row wpb_row vc_row-fluid\"><div class=\"wpb_column vc_column_container vc_col-sm-6 \"><div class=\"vc_column-inner \"><div class=\"wpb_wrapper\"><div class=\"vc_empty_space\"   style=\"height: 85px\" ><span class=\"vc_empty_space_inner\"><\/span><\/div>\n\n\t<div  class=\"wpb_single_image wpb_content_element vc_align_center\">\n\t\t\n\t\t<figure class=\"wpb_wrapper vc_figure\">\n\t\t\t<div class=\"vc_single_image-wrapper   vc_box_border_grey\"><img loading=\"lazy\" decoding=\"async\" width=\"1024\" height=\"684\" src=\"data:image\/gif;base64,R0lGODlhAQABAAAAACw=\" class=\"vc_single_image-img attachment-large\" alt=\"\" data-lazy-src=\"https:\/\/www.co-arquitectos.com\/wp-content\/uploads\/2023\/07\/arquitectura-moderna-1024x684.jpg\" \/><\/div>\n\t\t<\/figure>\n\t<\/div>\n<\/div><\/div><\/div><div class=\"wpb_column vc_column_container vc_col-sm-6 \"><div class=\"vc_column-inner \"><div class=\"wpb_wrapper\">[vc_headings title=\u00bbGarant\u00eda de calidad y compromiso\u00bb]En CO-Arquitectos trabajamos con los mejores materiales y proveedores para garantizar la calidad de nuestras obras. Adem\u00e1s, nos aseguramos de cumplir con los plazos acordados y de mantener una comunicaci\u00f3n fluida con nuestros clientes durante todo el proceso.[\/vc_headings]<\/div><\/div><\/div><\/div><div class=\"vc_row wpb_row vc_row-fluid\"><div class=\"wpb_column vc_column_container vc_col-sm-12 \"><div class=\"vc_column-inner \"><div class=\"wpb_wrapper\"><div class=\"vc_empty_space\"   style=\"height: 62px\" ><span class=\"vc_empty_space_inner\"><\/span><\/div>\n<div class=\"vc-zigzag-wrapper vc-zigzag-align-center\" >\n\t<div class=\"vc-zigzag-inner\"\n\t\t\tstyle=\"width: 30%;min-height: 10px;background: 0 repeat-x url(&#039;data:image\/svg+xml;utf-8,%3C%3Fxml%20version%3D%221.0%22%20encoding%3D%22utf-8%22%3F%3E%3C%21DOCTYPE%20svg%20PUBLIC%20%22-%2F%2FW3C%2F%2FDTD%20SVG%201.1%2F%2FEN%22%20%22http%3A%2F%2Fwww.w3.org%2FGraphics%2FSVG%2F1.1%2FDTD%2Fsvg11.dtd%22%3E%3Csvg%20width%3D%2210px%22%20height%3D%228px%22%20viewBox%3D%220%200%2018%2015%22%20version%3D%221.1%22%20xmlns%3D%22http%3A%2F%2Fwww.w3.org%2F2000%2Fsvg%22%20xmlns%3Axlink%3D%22http%3A%2F%2Fwww.w3.org%2F1999%2Fxlink%22%3E%3Cpolygon%20id%3D%22Combined-Shape%22%20fill%3D%22%23ebebeb%22%20points%3D%228.98762301%200%200%209.12771969%200%2014.519983%209%205.40479869%2018%2014.519983%2018%209.12771969%22%3E%3C%2Fpolygon%3E%3C%2Fsvg%3E&#039;);\">\n\t<\/div>\n<\/div>\n<div class=\"vc_empty_space\"   style=\"height: 62px\" ><span class=\"vc_empty_space_inner\"><\/span><\/div>\n\n\t<div class=\"wpb_text_column wpb_content_element \" >\n\t\t<div class=\"wpb_wrapper\">\n\t\t\t<p>Si est\u00e1s pensando en hacer una <em>reforma en Granada<\/em>, no dudes en contactar con nosotros. Estaremos encantados de escucharte y de ofrecerte soluciones adaptadas a tus necesidades.<\/p>\n\n\t\t<\/div>\n\t<\/div>\n<div class=\"vc_empty_space\"   style=\"height: 62px\" ><span class=\"vc_empty_space_inner\"><\/span><\/div>\n<div class=\"vc_btn3-container vc_btn3-center\" >\n\t<a class=\"vc_general vc_btn3 vc_btn3-size-lg vc_btn3-shape-rounded vc_btn3-style-3d vc_btn3-icon-left vc_btn3-color-grey\" href=\"https:\/\/www.co-arquitectos.com\/contacto\/\" title=\"Contacto\"><i class=\"vc_btn3-icon fa fa-envelope-open-o\"><\/i> Contacta con Nosotros<\/a><\/div>\n<div class=\"vc_empty_space\"   style=\"height: 62px\" ><span class=\"vc_empty_space_inner\"><\/span><\/div>\n<\/div><\/div><\/div><\/div>\n","protected":false},"excerpt":{"rendered":"[vc_banner_title color_style=\"light\" heading_size=\"h2\" subtitle=\"CO Arquitectos\" title=\"Hacemos Dise\u00f1amos Creamos\" img=\"2733\" enable_overlay=\"true\" enable_fullheight=\"true\" columns=\"%5B%7B%7D%5D\"] Reformas Granada [\/vc_banner_title] En CO-Arquitectos somos expertos en","protected":false},"author":1,"featured_media":0,"parent":100,"menu_order":0,"comment_status":"closed","ping_status":"closed","template":"","meta":{"om_disable_all_campaigns":false,"_monsterinsights_skip_tracking":false,"_monsterinsights_sitenote_active":false,"_monsterinsights_sitenote_note":"","_monsterinsights_sitenote_category":0,"footnotes":""},"class_list":["post-4436","page","type-page","status-publish","hentry"],"aioseo_notices":[],"_links":{"self":[{"href":"https:\/\/www.co-arquitectos.com\/en\/wp-json\/wp\/v2\/pages\/4436","targetHints":{"allow":["GET"]}}],"collection":[{"href":"https:\/\/www.co-arquitectos.com\/en\/wp-json\/wp\/v2\/pages"}],"about":[{"href":"https:\/\/www.co-arquitectos.com\/en\/wp-json\/wp\/v2\/types\/page"}],"author":[{"embeddable":true,"href":"https:\/\/www.co-arquitectos.com\/en\/wp-json\/wp\/v2\/users\/1"}],"replies":[{"embeddable":true,"href":"https:\/\/www.co-arquitectos.com\/en\/wp-json\/wp\/v2\/comments?post=4436"}],"version-history":[{"count":10,"href":"https:\/\/www.co-arquitectos.com\/en\/wp-json\/wp\/v2\/pages\/4436\/revisions"}],"predecessor-version":[{"id":4449,"href":"https:\/\/www.co-arquitectos.com\/en\/wp-json\/wp\/v2\/pages\/4436\/revisions\/4449"}],"up":[{"embeddable":true,"href":"https:\/\/www.co-arquitectos.com\/en\/wp-json\/wp\/v2\/pages\/100"}],"wp:attachment":[{"href":"https:\/\/www.co-arquitectos.com\/en\/wp-json\/wp\/v2\/media?parent=4436"}],"curies":[{"name":"wp","href":"https:\/\/api.w.org\/{rel}","templated":true}]}}